{"id":2412,"date":"2024-06-10T12:20:26","date_gmt":"2024-06-10T10:20:26","guid":{"rendered":"https:\/\/www.ronanhorsemanship.com\/?page_id=2412"},"modified":"2024-06-15T15:53:52","modified_gmt":"2024-06-15T13:53:52","slug":"mentions-legales","status":"publish","type":"page","link":"https:\/\/www.ronanhorsemanship.com\/fr\/mentions-legales\/","title":{"rendered":"Mentions L\u00e9gales"},"content":{"rendered":"\n<h2 class=\"wp-block-heading\">Propri\u00e9taire du Site Web<\/h2>\n\n\n\n<p><strong>Ronan Horsemanship<\/strong><br>Email : <a>howdy@ronanhorsemanship.com<\/a><br>T\u00e9l\u00e9phone : +1 (825) 577-9123<br>Site Web : <a href=\"https:\/\/www.ronanhorsemanship.com\/\">https:\/\/www.ronanhorsemanship.com\/<\/a><\/p>\n\n\n\n<h2 class=\"wp-block-heading\">H\u00e9bergeur<\/h2>\n\n\n\n<p><strong>WP Serveur SAS<\/strong><br>134, avenue du Pr\u00e9sident Wilson<br>93100 Montreuil<br>France<\/p>\n\n\n\n<h2 class=\"wp-block-heading\">Propri\u00e9t\u00e9 Intellectuelle<\/h2>\n\n\n\n<p>Tout le contenu de ce site web, y compris mais sans s&rsquo;y limiter, les textes, graphiques, images, logos et logiciels, est la propri\u00e9t\u00e9 de Ronan Horsemanship ou de ses fournisseurs de contenu et est prot\u00e9g\u00e9 par les lois internationales sur le droit d&rsquo;auteur. Toute utilisation, reproduction ou distribution non autoris\u00e9e de ce contenu est strictement interdite.<\/p>\n\n\n\n<h2 class=\"wp-block-heading\">Limitation de Responsabilit\u00e9<\/h2>\n\n\n\n<p>Ronan Horsemanship ne fait aucune garantie ou d\u00e9claration quant \u00e0 l&rsquo;exactitude ou \u00e0 l&rsquo;exhaustivit\u00e9 du contenu du site web. Ronan Horsemanship ne sera pas responsable des dommages d\u00e9coulant de l&rsquo;utilisation ou de l&rsquo;incapacit\u00e9 \u00e0 utiliser le site web, y compris mais sans s&rsquo;y limiter, les dommages directs, indirects, accidentels, punitifs et cons\u00e9cutifs.<\/p>\n\n\n\n<h2 class=\"wp-block-heading\">Liens Externes<\/h2>\n\n\n\n<p>Ce site web peut contenir des liens vers des sites web tiers. Ronan Horsemanship n&rsquo;a aucun contr\u00f4le sur le contenu de ces sites web et n&rsquo;assume aucune responsabilit\u00e9 quant \u00e0 leur contenu ou fonctionnalit\u00e9. L&rsquo;inclusion de tout lien n&rsquo;implique pas l&rsquo;approbation par Ronan Horsemanship.<\/p>\n\n\n\n<h2 class=\"wp-block-heading\">Politique de Confidentialit\u00e9<\/h2>\n\n\n\n<p>Pour des informations sur la mani\u00e8re dont nous collectons, utilisons et prot\u00e9geons vos donn\u00e9es personnelles, veuillez consulter notre <a>Politique de Confidentialit\u00e9<\/a>.<\/p>\n\n\n\n<h2 class=\"wp-block-heading\">Droit Applicable<\/h2>\n\n\n\n<p>Ces termes et conditions sont r\u00e9gis par et interpr\u00e9t\u00e9s conform\u00e9ment aux lois du Qu\u00e9bec, Canada, et vous vous soumettez irr\u00e9vocablement \u00e0 la juridiction exclusive des tribunaux de cette province ou localit\u00e9.<\/p>\n\n\n\n<h2 class=\"wp-block-heading\">Informations de Contact<\/h2>\n\n\n\n<p>Pour toute question ou pr\u00e9occupation concernant cet avis l\u00e9gal, vous pouvez nous contacter \u00e0 :<\/p>\n\n\n\n<p><strong>Ronan Horsemanship<\/strong><br>Email : <a>howdy@ronanhorsemanship.com<\/a><\/p>\n","protected":false},"excerpt":{"rendered":"<p>Propri\u00e9taire du Site Web Ronan HorsemanshipEmail : howdy@ronanhorsemanship.comT\u00e9l\u00e9phone : +1 (825) 577-9123Site Web : https:\/\/www.ronanhorsemanship.com\/ H\u00e9bergeur WP Serveur SAS134, avenue du Pr\u00e9sident Wilson93100 MontreuilFrance Propri\u00e9t\u00e9 Intellectuelle Tout le contenu de&hellip;<\/p>\n","protected":false},"author":4,"featured_media":0,"parent":0,"menu_order":0,"comment_status":"closed","ping_status":"closed","template":"","meta":{"_lmt_disableupdate":"","_lmt_disable":"","footnotes":""},"class_list":["post-2412","page","type-page","status-publish","hentry"],"_links":{"self":[{"href":"https:\/\/www.ronanhorsemanship.com\/fr\/wp-json\/wp\/v2\/pages\/2412","targetHints":{"allow":["GET"]}}],"collection":[{"href":"https:\/\/www.ronanhorsemanship.com\/fr\/wp-json\/wp\/v2\/pages"}],"about":[{"href":"https:\/\/www.ronanhorsemanship.com\/fr\/wp-json\/wp\/v2\/types\/page"}],"author":[{"embeddable":true,"href":"https:\/\/www.ronanhorsemanship.com\/fr\/wp-json\/wp\/v2\/users\/4"}],"replies":[{"embeddable":true,"href":"https:\/\/www.ronanhorsemanship.com\/fr\/wp-json\/wp\/v2\/comments?post=2412"}],"version-history":[{"count":0,"href":"https:\/\/www.ronanhorsemanship.com\/fr\/wp-json\/wp\/v2\/pages\/2412\/revisions"}],"wp:attachment":[{"href":"https:\/\/www.ronanhorsemanship.com\/fr\/wp-json\/wp\/v2\/media?parent=2412"}],"curies":[{"name":"wp","href":"https:\/\/api.w.org\/{rel}","templated":true}]}}