{"id":2405,"date":"2024-05-03T01:12:44","date_gmt":"2024-05-02T23:12:44","guid":{"rendered":"https:\/\/www.ronanhorsemanship.com\/?page_id=2405"},"modified":"2024-06-15T15:55:44","modified_gmt":"2024-06-15T13:55:44","slug":"politique-confidentialite","status":"publish","type":"page","link":"https:\/\/www.ronanhorsemanship.com\/fr\/politique-confidentialite\/","title":{"rendered":"Politique de confidentialit\u00e9"},"content":{"rendered":"\n<p><em>Derni\u00e8re mise \u00e0 jour : 10 juin 2024<\/em><\/p>\n\n\n\n<p>Cette Politique de confidentialit\u00e9 d\u00e9crit Nos politiques et proc\u00e9dures concernant la collecte, l&rsquo;utilisation et la divulgation de Vos informations lorsque Vous utilisez le Service et Vous informe de Vos droits en mati\u00e8re de confidentialit\u00e9 et de la mani\u00e8re dont la loi Vous prot\u00e8ge.<\/p>\n\n\n\n<p>Nous utilisons Vos donn\u00e9es personnelles pour fournir et am\u00e9liorer le Service. En utilisant le Service, Vous acceptez la collecte et l&rsquo;utilisation des informations conform\u00e9ment \u00e0 cette Politique de confidentialit\u00e9.<\/p>\n\n\n\n<h3 class=\"wp-block-heading\">Interpr\u00e9tation et d\u00e9finitions<\/h3>\n\n\n\n<h4 class=\"wp-block-heading\">Interpr\u00e9tation<\/h4>\n\n\n\n<p>Les mots dont la premi\u00e8re lettre est en majuscule ont des significations d\u00e9finies dans les conditions suivantes. Les d\u00e9finitions suivantes auront la m\u00eame signification qu&rsquo;elles apparaissent au singulier ou au pluriel.<\/p>\n\n\n\n<h4 class=\"wp-block-heading\">D\u00e9finitions<\/h4>\n\n\n\n<p>Aux fins de cette Politique de confidentialit\u00e9 :<\/p>\n\n\n\n<ul class=\"wp-block-list\">\n<li><strong>Compte<\/strong> d\u00e9signe un compte unique cr\u00e9\u00e9 pour Vous permettre d&rsquo;acc\u00e9der \u00e0 notre Service ou \u00e0 des parties de notre Service.<\/li>\n\n\n\n<li><strong>Affili\u00e9<\/strong> d\u00e9signe une entit\u00e9 qui contr\u00f4le, est contr\u00f4l\u00e9e par ou est sous contr\u00f4le commun avec une partie, o\u00f9 \u00ab\u00a0contr\u00f4le\u00a0\u00bb signifie la possession de 50 % ou plus des actions, int\u00e9r\u00eats participatifs ou autres titres ayant droit de vote pour l&rsquo;\u00e9lection des administrateurs ou d&rsquo;une autre autorit\u00e9 de gestion.<\/li>\n\n\n\n<li><strong>Entreprise<\/strong> (d\u00e9sign\u00e9e soit par \u00ab\u00a0l&rsquo;Entreprise\u00a0\u00bb, \u00ab\u00a0Nous\u00a0\u00bb, \u00ab\u00a0Notre\u00a0\u00bb ou \u00ab\u00a0Nos\u00a0\u00bb dans cet Accord) fait r\u00e9f\u00e9rence \u00e0 Ronan Horsemanship.<\/li>\n\n\n\n<li><strong>Cookies<\/strong> sont de petits fichiers qui sont plac\u00e9s sur Votre ordinateur, appareil mobile ou tout autre appareil par un site web, contenant les d\u00e9tails de Votre historique de navigation sur ce site parmi ses nombreuses utilisations.<\/li>\n\n\n\n<li><strong>Pays<\/strong> d\u00e9signe : Qu\u00e9bec, Canada.<\/li>\n\n\n\n<li><strong>Appareil<\/strong> d\u00e9signe tout appareil pouvant acc\u00e9der au Service tel qu&rsquo;un ordinateur, un t\u00e9l\u00e9phone portable ou une tablette num\u00e9rique.<\/li>\n\n\n\n<li><strong>Donn\u00e9es personnelles<\/strong> d\u00e9signe toute information se rapportant \u00e0 une personne identifi\u00e9e ou identifiable.<\/li>\n\n\n\n<li><strong>Service<\/strong> d\u00e9signe le Site Web.<\/li>\n\n\n\n<li><strong>Fournisseur de services<\/strong> d\u00e9signe toute personne physique ou morale qui traite les donn\u00e9es pour le compte de l&rsquo;Entreprise. Il s&rsquo;agit de soci\u00e9t\u00e9s tierces ou de personnes employ\u00e9es par l&rsquo;Entreprise pour faciliter le Service, pour fournir le Service au nom de l&rsquo;Entreprise, pour ex\u00e9cuter des services li\u00e9s au Service ou pour aider l&rsquo;Entreprise \u00e0 analyser la mani\u00e8re dont le Service est utilis\u00e9.<\/li>\n\n\n\n<li><strong>Donn\u00e9es d&rsquo;utilisation<\/strong> d\u00e9signe les donn\u00e9es collect\u00e9es automatiquement, soit g\u00e9n\u00e9r\u00e9es par l&rsquo;utilisation du Service, soit provenant de l&rsquo;infrastructure du Service elle-m\u00eame (par exemple, la dur\u00e9e d&rsquo;une visite de page).<\/li>\n\n\n\n<li><strong>Site Web<\/strong> d\u00e9signe Ronan Horsemanship, accessible depuis <a href=\"https:\/\/www.ronanhorsemanship.com\/\">https:\/\/www.ronanhorsemanship.com\/<\/a><\/li>\n\n\n\n<li><strong>Vous<\/strong> d\u00e9signe la personne acc\u00e9dant ou utilisant le Service, ou la soci\u00e9t\u00e9 ou autre entit\u00e9 juridique pour le compte de laquelle cette personne acc\u00e8de ou utilise le Service, selon le cas.<\/li>\n<\/ul>\n\n\n\n<h3 class=\"wp-block-heading\">Collecte et utilisation de Vos donn\u00e9es personnelles<\/h3>\n\n\n\n<h4 class=\"wp-block-heading\">Types de donn\u00e9es collect\u00e9es<\/h4>\n\n\n\n<p><strong>Donn\u00e9es personnelles<\/strong><\/p>\n\n\n\n<p>Lors de l&rsquo;utilisation de Notre Service, Nous pouvons Vous demander de Nous fournir certaines informations personnellement identifiables qui peuvent \u00eatre utilis\u00e9es pour Vous contacter ou Vous identifier. Les informations personnellement identifiables peuvent inclure, mais ne sont pas limit\u00e9es \u00e0 :<\/p>\n\n\n\n<ul class=\"wp-block-list\">\n<li>Adresse e-mail<\/li>\n\n\n\n<li>Pr\u00e9nom et nom de famille<\/li>\n\n\n\n<li>Donn\u00e9es d&rsquo;utilisation<\/li>\n<\/ul>\n\n\n\n<p><strong>Donn\u00e9es d&rsquo;utilisation<\/strong><\/p>\n\n\n\n<p>Les Donn\u00e9es d&rsquo;utilisation sont collect\u00e9es automatiquement lors de l&rsquo;utilisation du Service.<\/p>\n\n\n\n<p>Les Donn\u00e9es d&rsquo;utilisation peuvent inclure des informations telles que l&rsquo;adresse de protocole Internet de Votre Appareil (par exemple, adresse IP), le type de navigateur, la version du navigateur, les pages de notre Service que Vous visitez, l&rsquo;heure et la date de Votre visite, le temps pass\u00e9 sur ces pages, les identifiants uniques de l&rsquo;appareil et d&rsquo;autres donn\u00e9es de diagnostic.<\/p>\n\n\n\n<p>Lorsque Vous acc\u00e9dez au Service via un appareil mobile, Nous pouvons collecter certaines informations automatiquement, y compris, mais sans s&rsquo;y limiter, le type d&rsquo;appareil mobile que Vous utilisez, l&rsquo;ID unique de Votre appareil mobile, l&rsquo;adresse IP de Votre appareil mobile, Votre syst\u00e8me d&rsquo;exploitation mobile, le type de navigateur Internet mobile que Vous utilisez, les identifiants uniques de l&rsquo;appareil et d&rsquo;autres donn\u00e9es de diagnostic.<\/p>\n\n\n\n<p>Nous pouvons \u00e9galement collecter les informations que Votre navigateur envoie chaque fois que Vous visitez notre Service ou lorsque Vous acc\u00e9dez au Service via un appareil mobile.<\/p>\n\n\n\n<h3 class=\"wp-block-heading\">Technologies de suivi et Cookies<\/h3>\n\n\n\n<p>Nous utilisons des Cookies et des technologies de suivi similaires pour suivre l&rsquo;activit\u00e9 sur Notre Service et stocker certaines informations. Les technologies de suivi utilis\u00e9es sont des balises, des tags et des scripts pour collecter et suivre les informations et pour am\u00e9liorer et analyser Notre Service. Les technologies que Nous utilisons peuvent inclure :<\/p>\n\n\n\n<ul class=\"wp-block-list\">\n<li><strong>Cookies ou Cookies de navigateur.<\/strong> Un cookie est un petit fichier plac\u00e9 sur Votre Appareil. Vous pouvez demander \u00e0 Votre navigateur de refuser tous les Cookies ou d&rsquo;indiquer quand un Cookie est envoy\u00e9. Cependant, si Vous n&rsquo;acceptez pas les Cookies, Vous ne pourrez peut-\u00eatre pas utiliser certaines parties de notre Service. Sauf si Vous avez ajust\u00e9 les param\u00e8tres de Votre navigateur pour qu&rsquo;il refuse les Cookies, notre Service peut utiliser des Cookies.<\/li>\n\n\n\n<li><strong>Balises Web.<\/strong> Certaines sections de notre Service et nos e-mails peuvent contenir de petits fichiers \u00e9lectroniques connus sous le nom de balises web (\u00e9galement appel\u00e9es clear gifs, pixel tags et single-pixel gifs) qui permettent \u00e0 l&rsquo;Entreprise, par exemple, de compter les utilisateurs qui ont visit\u00e9 ces pages ou ouvert un e-mail et pour d&rsquo;autres statistiques de site web (par exemple, enregistrer la popularit\u00e9 d&rsquo;une certaine section et v\u00e9rifier l&rsquo;int\u00e9grit\u00e9 du syst\u00e8me et du serveur).<\/li>\n<\/ul>\n\n\n\n<p>Les Cookies peuvent \u00eatre des Cookies \u00ab\u00a0persistants\u00a0\u00bb ou \u00ab\u00a0de session\u00a0\u00bb. Les Cookies persistants restent sur Votre ordinateur personnel ou appareil mobile lorsque Vous vous d\u00e9connectez, tandis que les Cookies de session sont supprim\u00e9s d\u00e8s que Vous fermez Votre navigateur web.<\/p>\n\n\n\n<p>Nous utilisons \u00e0 la fois des Cookies de session et des Cookies persistants aux fins d\u00e9crites ci-dessous :<\/p>\n\n\n\n<ul class=\"wp-block-list\">\n<li><strong>Cookies n\u00e9cessaires \/ essentiels<\/strong>\n<ul class=\"wp-block-list\">\n<li><strong>Type :<\/strong> Cookies de session<\/li>\n\n\n\n<li><strong>Administr\u00e9s par :<\/strong> Nous<\/li>\n\n\n\n<li><strong>Objectif :<\/strong> Ces Cookies sont essentiels pour Vous fournir des services disponibles via le Site Web et pour Vous permettre d&rsquo;utiliser certaines de ses fonctionnalit\u00e9s. Ils aident \u00e0 authentifier les utilisateurs et \u00e0 pr\u00e9venir l&rsquo;utilisation frauduleuse des comptes d&rsquo;utilisateurs. Sans ces Cookies, les services que Vous avez demand\u00e9s ne peuvent pas \u00eatre fournis, et Nous n&rsquo;utilisons ces Cookies que pour Vous fournir ces services.<\/li>\n<\/ul>\n<\/li>\n\n\n\n<li><strong>Cookies de Politique de Cookies \/ Acceptation de Notification<\/strong>\n<ul class=\"wp-block-list\">\n<li><strong>Type :<\/strong> Cookies persistants<\/li>\n\n\n\n<li><strong>Administr\u00e9s par :<\/strong> Nous<\/li>\n\n\n\n<li><strong>Objectif :<\/strong> Ces Cookies identifient si les utilisateurs ont accept\u00e9 l&rsquo;utilisation de cookies sur le Site Web.<\/li>\n<\/ul>\n<\/li>\n\n\n\n<li><strong>Cookies de fonctionnalit\u00e9<\/strong>\n<ul class=\"wp-block-list\">\n<li><strong>Type :<\/strong> Cookies persistants<\/li>\n\n\n\n<li><strong>Administr\u00e9s par :<\/strong> Nous<\/li>\n\n\n\n<li><strong>Objectif :<\/strong> Ces Cookies nous permettent de nous souvenir des choix que Vous faites lorsque Vous utilisez le Site Web, comme se souvenir de vos informations de connexion ou de votre pr\u00e9f\u00e9rence linguistique. L&rsquo;objectif de ces Cookies est de Vous offrir une exp\u00e9rience plus personnelle et de Vous \u00e9viter de devoir saisir \u00e0 nouveau vos pr\u00e9f\u00e9rences chaque fois que Vous utilisez le Site Web.<\/li>\n<\/ul>\n<\/li>\n<\/ul>\n\n\n\n<p>Pour plus d&rsquo;informations sur les cookies que nous utilisons et vos choix concernant les cookies, veuillez visiter notre Politique de Cookies ou la section Cookies de notre Politique de Confidentialit\u00e9.<\/p>\n\n\n\n<h3 class=\"wp-block-heading\">Utilisation de Vos donn\u00e9es personnelles<\/h3>\n\n\n\n<p>L&rsquo;Entreprise peut utiliser les Donn\u00e9es personnelles aux fins suivantes :<\/p>\n\n\n\n<ul class=\"wp-block-list\">\n<li><strong>Pour fournir et maintenir notre Service,<\/strong> y compris pour surveiller l&rsquo;utilisation de notre Service.<\/li>\n\n\n\n<li><strong>Pour g\u00e9rer Votre Compte :<\/strong> pour g\u00e9rer Votre inscription en tant qu&rsquo;utilisateur du Service. Les Donn\u00e9es personnelles que Vous fournissez peuvent Vous donner acc\u00e8s \u00e0 diff\u00e9rentes fonctionnalit\u00e9s du Service qui Vous sont disponibles en tant qu&rsquo;utilisateur enregistr\u00e9.<\/li>\n\n\n\n<li><strong>Pour l&rsquo;ex\u00e9cution d&rsquo;un contrat :<\/strong> le d\u00e9veloppement, la conformit\u00e9 et l&rsquo;engagement du contrat d&rsquo;achat pour les produits, articles ou services que Vous avez achet\u00e9s ou de tout autre contrat avec Nous via le Service.<\/li>\n\n\n\n<li><strong>Pour Vous contacter :<\/strong> pour Vous contacter par e-mail, appels t\u00e9l\u00e9phoniques, SMS, ou autres formes \u00e9quivalentes de communication \u00e9lectronique, telles que les notifications push d&rsquo;une application mobile concernant des mises \u00e0 jour ou des communications informatives li\u00e9es aux fonctionnalit\u00e9s, produits ou services contract\u00e9s, y compris les mises \u00e0 jour de s\u00e9curit\u00e9, lorsque cela est n\u00e9cessaire ou raisonnable pour leur mise en \u0153uvre.<\/li>\n\n\n\n<li><strong>Pour Vous fournir des nouvelles, des offres sp\u00e9ciales et des informations g\u00e9n\u00e9rales<\/strong> sur d&rsquo;autres biens, services et \u00e9v\u00e9nements que Nous proposons et qui sont similaires \u00e0 ceux que Vous avez d\u00e9j\u00e0 achet\u00e9s ou sur lesquels Vous vous \u00eates renseign\u00e9s, sauf si Vous avez choisi de ne pas recevoir de telles informations.<\/li>\n\n\n\n<li><strong>Pour g\u00e9rer Vos demandes :<\/strong> pour r\u00e9pondre et g\u00e9rer Vos demandes aupr\u00e8s de Nous.<\/li>\n\n\n\n<li><strong>Pour les transferts d&rsquo;entreprise :<\/strong> Nous pouvons utiliser Vos informations pour \u00e9valuer ou r\u00e9aliser une fusion, une cession, une restructuration, une r\u00e9organisation, une dissolution ou une autre vente ou transfert de tout ou partie de Nos actifs, que ce soit en tant qu&rsquo;entreprise en activit\u00e9 ou dans le cadre d&rsquo;une faillite, liquidation ou proc\u00e9dure similaire, dans laquelle les Donn\u00e9es personnelles d\u00e9tenues par Nous sur nos utilisateurs de Service font partie des actifs transf\u00e9r\u00e9s.<\/li>\n\n\n\n<li><strong>\u00c0 d&rsquo;autres fins :<\/strong> Nous pouvons utiliser Vos informations \u00e0 d&rsquo;autres fins, telles que l&rsquo;analyse des donn\u00e9es, l&rsquo;identification des tendances d&rsquo;utilisation, la d\u00e9termination de l&rsquo;efficacit\u00e9 de nos campagnes promotionnelles et l&rsquo;\u00e9valuation et l&rsquo;am\u00e9lioration de notre Service, de nos produits, services, marketing et votre exp\u00e9rience.<\/li>\n<\/ul>\n\n\n\n<p>Nous pouvons partager Vos informations personnelles dans les situations suivantes :<\/p>\n\n\n\n<ul class=\"wp-block-list\">\n<li><strong>Avec les Fournisseurs de services :<\/strong> Nous pouvons partager Vos informations personnelles avec les Fournisseurs de services pour surveiller et analyser l&rsquo;utilisation de notre Service, pour Vous contacter.<\/li>\n\n\n\n<li><strong>Pour les transferts d&rsquo;entreprise :<\/strong> Nous pouvons partager ou transf\u00e9rer Vos informations personnelles dans le cadre, ou au cours des n\u00e9gociations, de toute fusion, vente d&rsquo;actifs de l&rsquo;Entreprise, financement ou acquisition de tout ou partie de Notre entreprise \u00e0 une autre soci\u00e9t\u00e9.<\/li>\n\n\n\n<li><strong>Avec les Affili\u00e9s :<\/strong> Nous pouvons partager Vos informations avec Nos affili\u00e9s, auquel cas nous demanderons \u00e0 ces affili\u00e9s de respecter cette Politique de confidentialit\u00e9. Les affili\u00e9s comprennent Notre soci\u00e9t\u00e9 m\u00e8re et toutes les autres filiales, partenaires de coentreprise ou autres soci\u00e9t\u00e9s que Nous contr\u00f4lons ou qui sont sous contr\u00f4le commun avec Nous.<\/li>\n\n\n\n<li><strong>Avec les partenaires commerciaux :<\/strong> Nous pouvons partager Vos informations avec Nos partenaires commerciaux pour Vous offrir certains produits, services ou promotions.<\/li>\n\n\n\n<li><strong>Avec d&rsquo;autres utilisateurs :<\/strong> lorsque Vous partagez des informations personnelles ou interagissez autrement dans les zones publiques avec d&rsquo;autres utilisateurs, ces informations peuvent \u00eatre vues par tous les utilisateurs et peuvent \u00eatre diffus\u00e9es publiquement \u00e0 l&rsquo;ext\u00e9rieur.<\/li>\n\n\n\n<li><strong>Avec Votre consentement :<\/strong> Nous pouvons divulguer Vos informations personnelles \u00e0 toute autre fin avec Votre consentement.<\/li>\n<\/ul>\n\n\n\n<h3 class=\"wp-block-heading\">Conservation de Vos donn\u00e9es personnelles<\/h3>\n\n\n\n<p>L&rsquo;Entreprise ne conservera Vos Donn\u00e9es personnelles que pendant la dur\u00e9e n\u00e9cessaire aux fins \u00e9nonc\u00e9es dans cette Politique de confidentialit\u00e9. Nous conserverons et utiliserons Vos Donn\u00e9es personnelles dans la mesure n\u00e9cessaire pour nous conformer \u00e0 nos obligations l\u00e9gales (par exemple, si nous sommes tenus de conserver vos donn\u00e9es pour nous conformer aux lois applicables), r\u00e9soudre les litiges et appliquer nos accords et politiques juridiques.<\/p>\n\n\n\n<p>L&rsquo;Entreprise conservera \u00e9galement les Donn\u00e9es d&rsquo;utilisation \u00e0 des fins d&rsquo;analyse interne. Les Donn\u00e9es d&rsquo;utilisation sont g\u00e9n\u00e9ralement conserv\u00e9es pendant une p\u00e9riode de temps plus courte, sauf lorsque ces donn\u00e9es sont utilis\u00e9es pour renforcer la s\u00e9curit\u00e9 ou pour am\u00e9liorer la fonctionnalit\u00e9 de Notre Service, ou lorsque Nous sommes l\u00e9galement oblig\u00e9s de conserver ces donn\u00e9es pendant des p\u00e9riodes plus longues.<\/p>\n\n\n\n<h3 class=\"wp-block-heading\">Transfert de Vos donn\u00e9es personnelles<\/h3>\n\n\n\n<p>Vos informations, y compris les Donn\u00e9es personnelles, sont trait\u00e9es aux bureaux op\u00e9rationnels de l&rsquo;Entreprise et en tout autre lieu o\u00f9 se trouvent les parties impliqu\u00e9es dans le traitement. Cela signifie que ces informations peuvent \u00eatre transf\u00e9r\u00e9es \u2014 et conserv\u00e9es \u2014 sur des ordinateurs situ\u00e9s en dehors de Votre \u00e9tat, province, pays ou autre juridiction gouvernementale o\u00f9 les lois sur la protection des donn\u00e9es peuvent diff\u00e9rer de celles de Votre juridiction.<\/p>\n\n\n\n<p>Votre consentement \u00e0 cette Politique de confidentialit\u00e9 suivi de Votre soumission de telles informations repr\u00e9sente Votre accord \u00e0 ce transfert.<\/p>\n\n\n\n<p>L&rsquo;Entreprise prendra toutes les mesures raisonnablement n\u00e9cessaires pour s&rsquo;assurer que Vos donn\u00e9es sont trait\u00e9es en toute s\u00e9curit\u00e9 et conform\u00e9ment \u00e0 cette Politique de confidentialit\u00e9 et aucun transfert de Vos Donn\u00e9es personnelles n&rsquo;aura lieu vers une organisation ou un pays, sauf s&rsquo;il existe des contr\u00f4les ad\u00e9quats en place, y compris la s\u00e9curit\u00e9 de Vos donn\u00e9es et d&rsquo;autres informations personnelles.<\/p>\n\n\n\n<h3 class=\"wp-block-heading\">Suppression de Vos donn\u00e9es personnelles<\/h3>\n\n\n\n<p>Vous avez le droit de supprimer ou de demander que Nous aidions \u00e0 supprimer les Donn\u00e9es personnelles que Nous avons collect\u00e9es \u00e0 Votre sujet.<\/p>\n\n\n\n<p>Notre Service peut Vous donner la possibilit\u00e9 de supprimer certaines informations Vous concernant \u00e0 partir du Service.<\/p>\n\n\n\n<p>Vous pouvez mettre \u00e0 jour, modifier ou supprimer Vos informations \u00e0 tout moment en Vous connectant \u00e0 Votre Compte, si Vous en avez un, et en visitant la section des param\u00e8tres du compte qui Vous permet de g\u00e9rer Vos informations personnelles. Vous pouvez \u00e9galement Nous contacter pour demander l&rsquo;acc\u00e8s \u00e0, corriger ou supprimer toute information personnelle que Vous nous avez fournie.<\/p>\n\n\n\n<p>Veuillez noter, cependant, que Nous pouvons avoir besoin de conserver certaines informations lorsque Nous avons une obligation l\u00e9gale ou une base l\u00e9gale pour le faire.<\/p>\n\n\n\n<h3 class=\"wp-block-heading\">Divulgation de Vos donn\u00e9es personnelles<\/h3>\n\n\n\n<h4 class=\"wp-block-heading\">Transactions commerciales<\/h4>\n\n\n\n<p>Si l&rsquo;Entreprise est impliqu\u00e9e dans une fusion, acquisition ou vente d&rsquo;actifs, Vos Donn\u00e9es personnelles peuvent \u00eatre transf\u00e9r\u00e9es. Nous Vous informerons avant que Vos Donn\u00e9es personnelles ne soient transf\u00e9r\u00e9es et soumises \u00e0 une autre Politique de confidentialit\u00e9.<\/p>\n\n\n\n<h4 class=\"wp-block-heading\">Application de la loi<\/h4>\n\n\n\n<p>Dans certaines circonstances, l&rsquo;Entreprise peut \u00eatre tenue de divulguer Vos Donn\u00e9es personnelles si la loi l&rsquo;exige ou en r\u00e9ponse \u00e0 des demandes valides des autorit\u00e9s publiques (par exemple, un tribunal ou une agence gouvernementale).<\/p>\n\n\n\n<h4 class=\"wp-block-heading\">Autres exigences l\u00e9gales<\/h4>\n\n\n\n<p>L&rsquo;Entreprise peut divulguer Vos Donn\u00e9es personnelles de bonne foi, croyant qu&rsquo;une telle action est n\u00e9cessaire pour :<\/p>\n\n\n\n<ul class=\"wp-block-list\">\n<li>Se conformer \u00e0 une obligation l\u00e9gale<\/li>\n\n\n\n<li>Prot\u00e9ger et d\u00e9fendre les droits ou la propri\u00e9t\u00e9 de l&rsquo;Entreprise<\/li>\n\n\n\n<li>Pr\u00e9venir ou enqu\u00eater sur d&rsquo;\u00e9ventuels actes r\u00e9pr\u00e9hensibles en relation avec le Service<\/li>\n\n\n\n<li>Prot\u00e9ger la s\u00e9curit\u00e9 personnelle des Utilisateurs du Service ou du public<\/li>\n\n\n\n<li>Se prot\u00e9ger contre la responsabilit\u00e9 l\u00e9gale<\/li>\n<\/ul>\n\n\n\n<h3 class=\"wp-block-heading\">S\u00e9curit\u00e9 de Vos donn\u00e9es personnelles<\/h3>\n\n\n\n<p>La s\u00e9curit\u00e9 de Vos Donn\u00e9es personnelles est importante pour Nous, mais n&rsquo;oubliez pas qu&rsquo;aucune m\u00e9thode de transmission sur Internet ou m\u00e9thode de stockage \u00e9lectronique n&rsquo;est s\u00fbre \u00e0 100 %. Bien que Nous nous efforcions d&rsquo;utiliser des moyens commercialement acceptables pour prot\u00e9ger Vos Donn\u00e9es personnelles, Nous ne pouvons garantir leur s\u00e9curit\u00e9 absolue.<\/p>\n\n\n\n<h3 class=\"wp-block-heading\">Vie priv\u00e9e des enfants<\/h3>\n\n\n\n<p>Notre Service ne s&rsquo;adresse \u00e0 personne de moins de 13 ans. Nous ne collectons pas sciemment des informations personnellement identifiables aupr\u00e8s de quiconque de moins de 13 ans. Si Vous \u00eates un parent ou un tuteur et que Vous savez que Votre enfant Nous a fourni des Donn\u00e9es personnelles, veuillez Nous contacter. Si Nous prenons conscience que Nous avons collect\u00e9 des Donn\u00e9es personnelles aupr\u00e8s de quiconque de moins de 13 ans sans v\u00e9rification du consentement parental, Nous prenons des mesures pour supprimer ces informations de Nos serveurs.<\/p>\n\n\n\n<p>Si Nous devons nous appuyer sur le consentement comme base l\u00e9gale pour traiter Vos informations et que Votre pays exige le consentement d&rsquo;un parent, Nous pouvons exiger le consentement de Votre parent avant de collecter et d&rsquo;utiliser ces informations.<\/p>\n\n\n\n<h3 class=\"wp-block-heading\">Liens vers d&rsquo;autres sites web<\/h3>\n\n\n\n<p>Notre Service peut contenir des liens vers d&rsquo;autres sites web qui ne sont pas exploit\u00e9s par Nous. Si Vous cliquez sur un lien tiers, Vous serez dirig\u00e9 vers ce site tiers. Nous Vous conseillons fortement de revoir la Politique de confidentialit\u00e9 de chaque site que Vous visitez.<\/p>\n\n\n\n<p>Nous n&rsquo;avons aucun contr\u00f4le sur et n&rsquo;assumons aucune responsabilit\u00e9 quant au contenu, aux politiques de confidentialit\u00e9 ou aux pratiques des sites ou services tiers.<\/p>\n\n\n\n<h3 class=\"wp-block-heading\">Modifications de cette Politique de confidentialit\u00e9<\/h3>\n\n\n\n<p>Nous pouvons mettre \u00e0 jour Notre Politique de confidentialit\u00e9 de temps \u00e0 autre. Nous Vous informerons de tout changement en publiant la nouvelle Politique de confidentialit\u00e9 sur cette page.<\/p>\n\n\n\n<p>Nous Vous informerons par e-mail et\/ou par un avis bien visible sur Notre Service, avant que le changement ne devienne effectif et Nous mettrons \u00e0 jour la date de \u00ab\u00a0Derni\u00e8re mise \u00e0 jour\u00a0\u00bb en haut de cette Politique de confidentialit\u00e9.<\/p>\n\n\n\n<p>Vous \u00eates invit\u00e9 \u00e0 revoir cette Politique de confidentialit\u00e9 p\u00e9riodiquement pour tout changement. Les modifications apport\u00e9es \u00e0 cette Politique de confidentialit\u00e9 sont effectives lorsqu&rsquo;elles sont publi\u00e9es sur cette page.<\/p>\n\n\n\n<h3 class=\"wp-block-heading\">Contactez-nous<\/h3>\n\n\n\n<p>Si Vous avez des questions concernant cette Politique de confidentialit\u00e9, Vous pouvez Nous contacter :<\/p>\n\n\n\n<ul class=\"wp-block-list\">\n<li>Par e-mail : <a>howdy@ronanhorsemanship.com<\/a><\/li>\n\n\n\n<li>En visitant cette page sur notre site web : <a href=\"https:\/\/www.ronanhorsemanship.com\/contact\/\">https:\/\/www.ronanhorsemanship.com\/contact\/<\/a><\/li>\n<\/ul>\n","protected":false},"excerpt":{"rendered":"<p>Derni\u00e8re mise \u00e0 jour : 10 juin 2024 Cette Politique de confidentialit\u00e9 d\u00e9crit Nos politiques et proc\u00e9dures concernant la collecte, l&rsquo;utilisation et la divulgation de Vos informations lorsque Vous utilisez&hellip;<\/p>\n","protected":false},"author":4,"featured_media":0,"parent":0,"menu_order":0,"comment_status":"closed","ping_status":"open","template":"","meta":{"_lmt_disableupdate":"","_lmt_disable":"","footnotes":""},"class_list":["post-2405","page","type-page","status-publish","hentry"],"_links":{"self":[{"href":"https:\/\/www.ronanhorsemanship.com\/fr\/wp-json\/wp\/v2\/pages\/2405","targetHints":{"allow":["GET"]}}],"collection":[{"href":"https:\/\/www.ronanhorsemanship.com\/fr\/wp-json\/wp\/v2\/pages"}],"about":[{"href":"https:\/\/www.ronanhorsemanship.com\/fr\/wp-json\/wp\/v2\/types\/page"}],"author":[{"embeddable":true,"href":"https:\/\/www.ronanhorsemanship.com\/fr\/wp-json\/wp\/v2\/users\/4"}],"replies":[{"embeddable":true,"href":"https:\/\/www.ronanhorsemanship.com\/fr\/wp-json\/wp\/v2\/comments?post=2405"}],"version-history":[{"count":0,"href":"https:\/\/www.ronanhorsemanship.com\/fr\/wp-json\/wp\/v2\/pages\/2405\/revisions"}],"wp:attachment":[{"href":"https:\/\/www.ronanhorsemanship.com\/fr\/wp-json\/wp\/v2\/media?parent=2405"}],"curies":[{"name":"wp","href":"https:\/\/api.w.org\/{rel}","templated":true}]}}