{"id":2182,"date":"2024-06-03T14:52:38","date_gmt":"2024-06-03T18:52:38","guid":{"rendered":"https:\/\/www.ronanhorsemanship.com\/?page_id=2182"},"modified":"2026-02-11T10:24:52","modified_gmt":"2026-02-11T15:24:52","slug":"stages-equitation-naturelle","status":"publish","type":"page","link":"https:\/\/www.ronanhorsemanship.com\/fr\/services\/stages-equitation-naturelle\/","title":{"rendered":"Stages"},"content":{"rendered":"\t\t<div data-elementor-type=\"wp-page\" data-elementor-id=\"2182\" class=\"elementor elementor-2182\">\n\t\t\t\t\t\t<section class=\"penci-section penci-dmcheck penci-elbg-activate penci-elbg-img penci-disSticky penci-structure-10 elementor-section elementor-top-section elementor-element elementor-element-adf0cf2 elementor-section-boxed elementor-section-height-default elementor-section-height-default\" data-id=\"adf0cf2\" data-element_type=\"section\" data-e-type=\"section\" data-settings=\"{&quot;background_background&quot;:&quot;classic&quot;}\">\n\t\t\t\t\t\t\t<div class=\"elementor-background-overlay\"><\/div>\n\t\t\t\t\t\t\t<div class=\"elementor-container elementor-column-gap-extended\">\n\t\t\t\t\t<div class=\"penci-ercol-100 penci-ercol-order-1 penci-sticky-ct    elementor-column elementor-col-100 elementor-top-column elementor-element elementor-element-dc4389d\" data-id=\"dc4389d\" data-element_type=\"column\" data-e-type=\"column\">\n\t\t\t<div class=\"elementor-widget-wrap elementor-element-populated\">\n\t\t\t\t\t\t<div class=\"elementor-element elementor-element-6557adf elementor-widget pcsb-brcrb elementor-widget-penci-single-breadcrumb\" data-id=\"6557adf\" data-element_type=\"widget\" data-e-type=\"widget\" data-widget_type=\"penci-single-breadcrumb.default\">\n\t\t\t\t<div class=\"elementor-widget-container\">\n\t\t\t\t\t            <div class=\"container penci-breadcrumb single-breadcrumb\">\n                    <span><a class=\"crumb\"\n                             href=\"https:\/\/www.ronanhorsemanship.com\/fr\/\">Accueil<\/a><\/span><i class=\"penci-faicon fa fa-angle-right\" ><\/i>\t\t\t\t                <span>Stages<\/span>\n            <\/div>\n\t\t\t\t\t\t<\/div>\n\t\t\t\t<\/div>\n\t\t\t\t<div class=\"elementor-element elementor-element-68a60c3 elementor-widget elementor-widget-penci-fancy_heading\" data-id=\"68a60c3\" data-element_type=\"widget\" data-e-type=\"widget\" data-widget_type=\"penci-fancy_heading.default\">\n\t\t\t\t<div class=\"elementor-widget-container\">\n\t\t\t\t\t\t\t<div class=\"penci-fancy-heading penci-heading-text-left\">\n\t\t\t<div class=\"penci-fancy-heading-inner\">\n\t\t\t\t<h1 class=\"penci-heading-title\"><span class=\"inner-tit\">Stages d'\u00e9quitation naturelle<\/span><\/h1>\t\t\t<\/div>\n\t\t<\/div>\n\t\t\t\t\t\t<\/div>\n\t\t\t\t<\/div>\n\t\t\t\t\t<\/div>\n\t\t<\/div>\n\t\t\t\t\t<\/div>\n\t\t<\/section>\n\t\t\t\t<section class=\"penci-section penci-disSticky penci-structure-20 elementor-section elementor-top-section elementor-element elementor-element-c82eff0 elementor-section-content-middle elementor-section-boxed elementor-section-height-default elementor-section-height-default\" data-id=\"c82eff0\" data-element_type=\"section\" data-e-type=\"section\">\n\t\t\t\t\t\t<div class=\"elementor-container elementor-column-gap-wider\">\n\t\t\t\t\t<div class=\"penci-ercol-50 penci-ercol-order-1 penci-sticky-ct    elementor-column elementor-col-50 elementor-top-column elementor-element elementor-element-85fb55d\" data-id=\"85fb55d\" data-element_type=\"column\" data-e-type=\"column\">\n\t\t\t<div class=\"elementor-widget-wrap elementor-element-populated\">\n\t\t\t\t\t\t<div class=\"elementor-element elementor-element-a23a5c0 elementor-widget elementor-widget-penci-fancy_heading\" data-id=\"a23a5c0\" data-element_type=\"widget\" data-e-type=\"widget\" data-widget_type=\"penci-fancy_heading.default\">\n\t\t\t\t<div class=\"elementor-widget-container\">\n\t\t\t\t\t\t\t<div class=\"penci-fancy-heading penci-heading-text-left\">\n\t\t\t<div class=\"penci-fancy-heading-inner\">\n\t\t\t\t<div class=\"penci-heading-subtitle\">Facile \u00e0 organiser<\/div><h2 class=\"penci-heading-title\"><span class=\"inner-tit\">Stage sur deux jours<\/span><\/h2><div class=\"penci-separator penci-separator- penci-separator-left\"><span class=\"penci-sep_holder penci-sep_holder_l\"><span class=\"penci-sep_line\"><\/span><\/span><span class=\"penci-sep_holder penci-sep_holder_r\"><span class=\"penci-sep_line\"><\/span><\/span><\/div>\t\t\t<\/div>\n\t\t<\/div>\n\t\t\t\t\t\t<\/div>\n\t\t\t\t<\/div>\n\t\t\t\t<div class=\"elementor-element elementor-element-eb5334f elementor-widget elementor-widget-text-editor\" data-id=\"eb5334f\" data-element_type=\"widget\" data-e-type=\"widget\" data-widget_type=\"text-editor.default\">\n\t\t\t\t<div class=\"elementor-widget-container\">\n\t\t\t\t\t\t\t\t\t<p><strong>Que vous poss\u00e9diez un ranch, des \u00e9curies ou un centre \u00e9questre, ou que vous montiez votre propre cheval dans l&rsquo;une de ces installations, nous pouvons y organiser une clinique. <\/strong><\/p><p>Lors de ces stages, un groupe de dix \u00e0 quinze cavaliers et leurs chevaux m&rsquo;accompagneront dans l&rsquo;ar\u00e8ne.<\/p><p>Pendant deux jours, je vous montrerai toutes les bases du programme: Fondations et Fondamentaux au Sol, Exercices en Selle.<\/p><p>La premi\u00e8re journ\u00e9e est principalement consacr\u00e9e au travail au sol et \u00e0 l&rsquo;\u00e9tablissement d&rsquo;une relation saine avec votre cheval, bas\u00e9e sur le respect mutuel.<\/p><p>Le deuxi\u00e8me jour, nous commencerons \u00e0 travailler sur le rythme en selle et \u00e0 am\u00e9liorer la communication gr\u00e2ce \u00e0 des signaux l\u00e9gers, subtils.<\/p><p><strong>Int\u00e9ress\u00e9(e) pour organiser un stage ?<\/strong><\/p><p>Nous avons juste besoin d&rsquo;un man\u00e8ge ou d\u2019une carri\u00e8re suffisamment grande pour accueillir une quinzaine de cavaliers et leurs chevaux pendant deux jours.<\/p>\t\t\t\t\t\t\t\t<\/div>\n\t\t\t\t<\/div>\n\t\t\t\t\t<\/div>\n\t\t<\/div>\n\t\t\t\t<div class=\"penci-ercol-50 penci-ercol-order-2 penci-sticky-ct    elementor-column elementor-col-50 elementor-top-column elementor-element elementor-element-ba170a8\" data-id=\"ba170a8\" data-element_type=\"column\" data-e-type=\"column\">\n\t\t\t<div class=\"elementor-widget-wrap elementor-element-populated\">\n\t\t\t\t\t\t<div class=\"elementor-element elementor-element-7875870 elementor-widget elementor-widget-image\" data-id=\"7875870\" data-element_type=\"widget\" data-e-type=\"widget\" data-widget_type=\"image.default\">\n\t\t\t\t<div class=\"elementor-widget-container\">\n\t\t\t\t\t\t\t\t\t\t\t\t\t\t\t<img fetchpriority=\"high\" decoding=\"async\" width=\"1024\" height=\"768\" src=\"https:\/\/www.ronanhorsemanship.com\/wp-content\/uploads\/2024\/06\/ronan_natural_hrosemanship_clinic-1024x768.jpg\" class=\"attachment-large size-large wp-image-2057\" alt=\"\" srcset=\"https:\/\/www.ronanhorsemanship.com\/wp-content\/uploads\/2024\/06\/ronan_natural_hrosemanship_clinic-1024x768.jpg 1024w, https:\/\/www.ronanhorsemanship.com\/wp-content\/uploads\/2024\/06\/ronan_natural_hrosemanship_clinic-300x225.jpg 300w, https:\/\/www.ronanhorsemanship.com\/wp-content\/uploads\/2024\/06\/ronan_natural_hrosemanship_clinic-768x576.jpg 768w, https:\/\/www.ronanhorsemanship.com\/wp-content\/uploads\/2024\/06\/ronan_natural_hrosemanship_clinic-1170x878.jpg 1170w, https:\/\/www.ronanhorsemanship.com\/wp-content\/uploads\/2024\/06\/ronan_natural_hrosemanship_clinic-585x439.jpg 585w, https:\/\/www.ronanhorsemanship.com\/wp-content\/uploads\/2024\/06\/ronan_natural_hrosemanship_clinic.jpg 1200w\" sizes=\"(max-width: 1024px) 100vw, 1024px\" title=\"\">\t\t\t\t\t\t\t\t\t\t\t\t\t\t\t<\/div>\n\t\t\t\t<\/div>\n\t\t\t\t\t<\/div>\n\t\t<\/div>\n\t\t\t\t\t<\/div>\n\t\t<\/section>\n\t\t<div class=\"elementor-element elementor-element-86f3647 e-flex e-con-boxed e-con e-parent\" data-id=\"86f3647\" data-element_type=\"container\" data-e-type=\"container\" data-settings=\"{&quot;background_background&quot;:&quot;classic&quot;}\">\n\t\t\t\t\t<div class=\"e-con-inner\">\n\t\t<div class=\"elementor-element elementor-element-5fb0f4c e-con-full e-flex e-con e-child\" data-id=\"5fb0f4c\" data-element_type=\"container\" data-e-type=\"container\">\n\t\t\t\t<\/div>\n\t\t<div class=\"elementor-element elementor-element-973d8a6 e-con-full e-flex e-con e-child\" data-id=\"973d8a6\" data-element_type=\"container\" data-e-type=\"container\">\n\t\t\t\t<div class=\"elementor-element elementor-element-d45a458 elementor-align-center elementor-widget elementor-widget-button\" data-id=\"d45a458\" data-element_type=\"widget\" data-e-type=\"widget\" data-widget_type=\"button.default\">\n\t\t\t\t<div class=\"elementor-widget-container\">\n\t\t\t\t\t\t\t\t\t<div class=\"elementor-button-wrapper\">\n\t\t\t\t\t<a class=\"elementor-button elementor-button-link elementor-size-lg\" href=\"\/fr\/contact\/\">\n\t\t\t\t\t\t<span class=\"elementor-button-content-wrapper\">\n\t\t\t\t\t\t\t\t\t<span class=\"elementor-button-text\">Contactez-moi pour en savoir plus<\/span>\n\t\t\t\t\t<\/span>\n\t\t\t\t\t<\/a>\n\t\t\t\t<\/div>\n\t\t\t\t\t\t\t\t<\/div>\n\t\t\t\t<\/div>\n\t\t\t\t<\/div>\n\t\t<div class=\"elementor-element elementor-element-9f28636 e-con-full e-flex e-con e-child\" data-id=\"9f28636\" data-element_type=\"container\" data-e-type=\"container\">\n\t\t\t\t<\/div>\n\t\t\t\t\t<\/div>\n\t\t\t\t<\/div>\n\t\t<div class=\"elementor-element elementor-element-1ae8444 e-flex e-con-boxed e-con e-parent\" data-id=\"1ae8444\" data-element_type=\"container\" data-e-type=\"container\">\n\t\t\t\t\t<div class=\"e-con-inner\">\n\t\t\t\t<div class=\"elementor-element elementor-element-910671f elementor-widget elementor-widget-penci-fancy_heading\" data-id=\"910671f\" data-element_type=\"widget\" data-e-type=\"widget\" data-widget_type=\"penci-fancy_heading.default\">\n\t\t\t\t<div class=\"elementor-widget-container\">\n\t\t\t\t\t\t\t<div class=\"penci-fancy-heading penci-heading-text-left\">\n\t\t\t<div class=\"penci-fancy-heading-inner\">\n\t\t\t\t<div class=\"penci-heading-subtitle\">Je me d\u00e9place partout<\/div><h2 class=\"penci-heading-title\"><span class=\"inner-tit\">Quelques stages  que j'ai eu l'occasion d'animer<\/span><\/h2><div class=\"penci-separator penci-separator- penci-separator-left\"><span class=\"penci-sep_holder penci-sep_holder_l\"><span class=\"penci-sep_line\"><\/span><\/span><span class=\"penci-sep_holder penci-sep_holder_r\"><span class=\"penci-sep_line\"><\/span><\/span><\/div>\t\t\t<\/div>\n\t\t<\/div>\n\t\t\t\t\t\t<\/div>\n\t\t\t\t<\/div>\n\t\t\t\t<div class=\"elementor-element elementor-element-11c1d05 elementor-widget elementor-widget-html\" data-id=\"11c1d05\" data-element_type=\"widget\" data-e-type=\"widget\" data-widget_type=\"html.default\">\n\t\t\t\t<div class=\"elementor-widget-container\">\n\t\t\t\t\t<iframe src=\"https:\/\/www.google.com\/maps\/d\/embed?mid=14YYpoP7uqUFYnCVKM06CT3lukG-d31Q&ehbc=2E312F\" width=\"640\" height=\"480\"><\/iframe>\t\t\t\t<\/div>\n\t\t\t\t<\/div>\n\t\t\t\t<div class=\"elementor-element elementor-element-9cfb676 elementor-widget elementor-widget-penci-image-gallery\" data-id=\"9cfb676\" data-element_type=\"widget\" data-e-type=\"widget\" data-widget_type=\"penci-image-gallery.default\">\n\t\t\t\t<div class=\"elementor-widget-container\">\n\t\t\t\t\t        <div data-sliderid=\"43100\" id=\"penci-image_gallery_43100\"\n             class=\"penci-block-vc penci-image-gallery penci-image-gallery-s1 pencisc-grid-2 pencisc-grid-tablet-2 pencisc-grid-mobile-1\">\n\t\t\t            <div class=\"penci-block_content  pencisc-grid\">\n\t\t\t\t                <div class=\"penci-gallery-item penci-galitem-1\">\n                    <a  data-bgset=\"https:\/\/www.ronanhorsemanship.com\/wp-content\/uploads\/2024\/06\/2-day_western_riding_clinic-768x576.jpg\" class=\"penci-lazy penci-gallery-ite penci-image-holder penci-image-landscape\"\n                       href=\"https:\/\/www.ronanhorsemanship.com\/wp-content\/uploads\/2024\/06\/2-day_western_riding_clinic-1170x878.jpg\"  data-cap=\"OLYMPUS DIGITAL CAMERA\">\n\t\t\t\t\t\t<span class=\"caption\">OLYMPUS DIGITAL CAMERA<\/span>                                                <i class=\"penciicon-expand\"><\/i>\n                    <\/a>\n                <\/div>\n\t\t\t\t                <div class=\"penci-gallery-item penci-galitem-2\">\n                    <a  data-bgset=\"https:\/\/www.ronanhorsemanship.com\/wp-content\/uploads\/2024\/06\/natural-horsemanship-clinic-lateral-flexion-768x1024.jpg\" class=\"penci-lazy penci-gallery-ite penci-image-holder penci-image-landscape\"\n                       href=\"https:\/\/www.ronanhorsemanship.com\/wp-content\/uploads\/2024\/06\/natural-horsemanship-clinic-lateral-flexion.jpg\"  data-cap=\"OLYMPUS DIGITAL CAMERA\">\n\t\t\t\t\t\t<span class=\"caption\">OLYMPUS DIGITAL CAMERA<\/span>                                                <i class=\"penciicon-expand\"><\/i>\n                    <\/a>\n                <\/div>\n\t\t\t\t                <div class=\"penci-gallery-item penci-galitem-3\">\n                    <a  data-bgset=\"https:\/\/www.ronanhorsemanship.com\/wp-content\/uploads\/2024\/06\/ronan_natural_horsemanship_stage-768x576.jpg\" class=\"penci-lazy penci-gallery-ite penci-image-holder penci-image-landscape\"\n                       href=\"https:\/\/www.ronanhorsemanship.com\/wp-content\/uploads\/2024\/06\/ronan_natural_horsemanship_stage-1170x878.jpg\" >\n\t\t\t\t\t\t                                                <i class=\"penciicon-expand\"><\/i>\n                    <\/a>\n                <\/div>\n\t\t\t\t                <div class=\"penci-gallery-item penci-galitem-4\">\n                    <a  data-bgset=\"https:\/\/www.ronanhorsemanship.com\/wp-content\/uploads\/2024\/06\/stage_equitation_ethologique-768x768.jpg\" class=\"penci-lazy penci-gallery-ite penci-image-holder penci-image-landscape\"\n                       href=\"https:\/\/www.ronanhorsemanship.com\/wp-content\/uploads\/2024\/06\/stage_equitation_ethologique-1170x1170.jpg\"  data-cap=\"OLYMPUS DIGITAL CAMERA\">\n\t\t\t\t\t\t<span class=\"caption\">OLYMPUS DIGITAL CAMERA<\/span>                                                <i class=\"penciicon-expand\"><\/i>\n                    <\/a>\n                <\/div>\n\t\t\t\t            <\/div>\n        <\/div>\n\t\t\t\t\t\t<\/div>\n\t\t\t\t<\/div>\n\t\t\t\t\t<\/div>\n\t\t\t\t<\/div>\n\t\t\t\t<\/div>\n\t\t","protected":false},"excerpt":{"rendered":"<p>Home Stages Stages d&rsquo;\u00e9quitation naturelle Facile \u00e0 organiser Stage sur deux jours Que vous poss\u00e9diez un ranch, des \u00e9curies ou un centre \u00e9questre, ou que vous montiez votre propre cheval&hellip;<\/p>\n","protected":false},"author":4,"featured_media":2057,"parent":2163,"menu_order":2,"comment_status":"closed","ping_status":"closed","template":"page-fullwidth.php","meta":{"_lmt_disableupdate":"","_lmt_disable":"","footnotes":""},"class_list":["post-2182","page","type-page","status-publish","has-post-thumbnail","hentry"],"_links":{"self":[{"href":"https:\/\/www.ronanhorsemanship.com\/fr\/wp-json\/wp\/v2\/pages\/2182","targetHints":{"allow":["GET"]}}],"collection":[{"href":"https:\/\/www.ronanhorsemanship.com\/fr\/wp-json\/wp\/v2\/pages"}],"about":[{"href":"https:\/\/www.ronanhorsemanship.com\/fr\/wp-json\/wp\/v2\/types\/page"}],"author":[{"embeddable":true,"href":"https:\/\/www.ronanhorsemanship.com\/fr\/wp-json\/wp\/v2\/users\/4"}],"replies":[{"embeddable":true,"href":"https:\/\/www.ronanhorsemanship.com\/fr\/wp-json\/wp\/v2\/comments?post=2182"}],"version-history":[{"count":3,"href":"https:\/\/www.ronanhorsemanship.com\/fr\/wp-json\/wp\/v2\/pages\/2182\/revisions"}],"predecessor-version":[{"id":4546,"href":"https:\/\/www.ronanhorsemanship.com\/fr\/wp-json\/wp\/v2\/pages\/2182\/revisions\/4546"}],"up":[{"embeddable":true,"href":"https:\/\/www.ronanhorsemanship.com\/fr\/wp-json\/wp\/v2\/pages\/2163"}],"wp:featuredmedia":[{"embeddable":true,"href":"https:\/\/www.ronanhorsemanship.com\/fr\/wp-json\/wp\/v2\/media\/2057"}],"wp:attachment":[{"href":"https:\/\/www.ronanhorsemanship.com\/fr\/wp-json\/wp\/v2\/media?parent=2182"}],"curies":[{"name":"wp","href":"https:\/\/api.w.org\/{rel}","templated":true}]}}