{"id":2175,"date":"2024-06-03T14:46:57","date_gmt":"2024-06-03T18:46:57","guid":{"rendered":"https:\/\/www.ronanhorsemanship.com\/?page_id=2175"},"modified":"2026-02-11T10:24:19","modified_gmt":"2026-02-11T15:24:19","slug":"coaching-en-ligne","status":"publish","type":"page","link":"https:\/\/www.ronanhorsemanship.com\/fr\/services\/coaching-en-ligne\/","title":{"rendered":"Coaching en ligne"},"content":{"rendered":"\t\t<div data-elementor-type=\"wp-page\" data-elementor-id=\"2175\" class=\"elementor elementor-2175\">\n\t\t\t\t\t\t<section class=\"penci-section penci-dmcheck penci-elbg-activate penci-elbg-img penci-disSticky penci-structure-10 elementor-section elementor-top-section elementor-element elementor-element-adf0cf2 elementor-section-boxed elementor-section-height-default elementor-section-height-default\" data-id=\"adf0cf2\" data-element_type=\"section\" data-e-type=\"section\" data-settings=\"{&quot;background_background&quot;:&quot;classic&quot;}\">\n\t\t\t\t\t\t\t<div class=\"elementor-background-overlay\"><\/div>\n\t\t\t\t\t\t\t<div class=\"elementor-container elementor-column-gap-extended\">\n\t\t\t\t\t<div class=\"penci-ercol-100 penci-ercol-order-1 penci-sticky-ct    elementor-column elementor-col-100 elementor-top-column elementor-element elementor-element-dc4389d\" data-id=\"dc4389d\" data-element_type=\"column\" data-e-type=\"column\">\n\t\t\t<div class=\"elementor-widget-wrap elementor-element-populated\">\n\t\t\t\t\t\t<div class=\"elementor-element elementor-element-6557adf elementor-widget pcsb-brcrb elementor-widget-penci-single-breadcrumb\" data-id=\"6557adf\" data-element_type=\"widget\" data-e-type=\"widget\" data-widget_type=\"penci-single-breadcrumb.default\">\n\t\t\t\t<div class=\"elementor-widget-container\">\n\t\t\t\t\t            <div class=\"container penci-breadcrumb single-breadcrumb\">\n                    <span><a class=\"crumb\"\n                             href=\"https:\/\/www.ronanhorsemanship.com\/fr\/\">Accueil<\/a><\/span><i class=\"penci-faicon fa fa-angle-right\" ><\/i>\t\t\t\t                <span>Coaching en ligne<\/span>\n            <\/div>\n\t\t\t\t\t\t<\/div>\n\t\t\t\t<\/div>\n\t\t\t\t<div class=\"elementor-element elementor-element-68a60c3 elementor-widget elementor-widget-penci-fancy_heading\" data-id=\"68a60c3\" data-element_type=\"widget\" data-e-type=\"widget\" data-widget_type=\"penci-fancy_heading.default\">\n\t\t\t\t<div class=\"elementor-widget-container\">\n\t\t\t\t\t\t\t<div class=\"penci-fancy-heading penci-heading-text-left\">\n\t\t\t<div class=\"penci-fancy-heading-inner\">\n\t\t\t\t<h1 class=\"penci-heading-title\"><span class=\"inner-tit\">Coaching en ligne priv\u00e9<\/span><\/h1>\t\t\t<\/div>\n\t\t<\/div>\n\t\t\t\t\t\t<\/div>\n\t\t\t\t<\/div>\n\t\t\t\t\t<\/div>\n\t\t<\/div>\n\t\t\t\t\t<\/div>\n\t\t<\/section>\n\t\t\t\t<section class=\"penci-section penci-disSticky penci-structure-20 elementor-section elementor-top-section elementor-element elementor-element-c82eff0 elementor-section-content-top elementor-section-boxed elementor-section-height-default elementor-section-height-default\" data-id=\"c82eff0\" data-element_type=\"section\" data-e-type=\"section\">\n\t\t\t\t\t\t<div class=\"elementor-container elementor-column-gap-wider\">\n\t\t\t\t\t<div class=\"penci-ercol-50 penci-ercol-order-1 penci-sticky-ct    elementor-column elementor-col-50 elementor-top-column elementor-element elementor-element-85fb55d\" data-id=\"85fb55d\" data-element_type=\"column\" data-e-type=\"column\">\n\t\t\t<div class=\"elementor-widget-wrap elementor-element-populated\">\n\t\t\t\t\t\t<div class=\"elementor-element elementor-element-a23a5c0 elementor-widget elementor-widget-penci-fancy_heading\" data-id=\"a23a5c0\" data-element_type=\"widget\" data-e-type=\"widget\" data-widget_type=\"penci-fancy_heading.default\">\n\t\t\t\t<div class=\"elementor-widget-container\">\n\t\t\t\t\t\t\t<div class=\"penci-fancy-heading penci-heading-text-left\">\n\t\t\t<div class=\"penci-fancy-heading-inner\">\n\t\t\t\t<div class=\"penci-heading-subtitle\">La solution la plus facile et \u00e9conomique<\/div><h2 class=\"penci-heading-title\"><span class=\"inner-tit\">Besoin d'aide et \/ ou de conseils ?<\/span><\/h2><div class=\"penci-separator penci-separator- penci-separator-left\"><span class=\"penci-sep_holder penci-sep_holder_l\"><span class=\"penci-sep_line\"><\/span><\/span><span class=\"penci-sep_holder penci-sep_holder_r\"><span class=\"penci-sep_line\"><\/span><\/span><\/div>\t\t\t<\/div>\n\t\t<\/div>\n\t\t\t\t\t\t<\/div>\n\t\t\t\t<\/div>\n\t\t\t\t<div class=\"elementor-element elementor-element-eb5334f elementor-widget elementor-widget-text-editor\" data-id=\"eb5334f\" data-element_type=\"widget\" data-e-type=\"widget\" data-widget_type=\"text-editor.default\">\n\t\t\t\t<div class=\"elementor-widget-container\">\n\t\t\t\t\t\t\t\t\t<p>La plupart des propri\u00e9taires de chevaux et cavaliers ont des mini probl\u00e8mes \u00e0 r\u00e9soudre, qui ne n\u00e9cessitent pas n\u00e9cessairement l&rsquo;intervention directe d&rsquo;un expert.<\/p><p>La plupart ont juste besoin d&rsquo;un petit coup de pouce pour surmonter ces probl\u00e8mes par eux-m\u00eames.<\/p><p><strong>Le coaching en ligne est l\u00e0 pour aider ces personnes et leurs chevaux.<\/strong><\/p><p>Gr\u00e2ce aux outils num\u00e9riques r\u00e9cents, nous pouvons facilement organiser des visioconf\u00e9rences durant lesquelles vous aurez tout le temps de m&rsquo;expliquer votre situation et les probl\u00e8mes que vous souhaitez r\u00e9gler avec votre cheval.<\/p><p>Ou vous aurez peut-\u00eatre juste besoin de quelques conseils pour trouver la bonne fa\u00e7on de d\u00e9marrer votre cheval.<\/p><p><strong>Dans tous les cas, cette option en ligne consiste \u00e0 vous proposer un programme plus sp\u00e9cifique et personnalis\u00e9, en listant des objectifs r\u00e9alisables.<\/strong><\/p><p>Nous planifions ensuite des r\u00e9unions vid\u00e9o de suivi pour analyser vos progr\u00e8s et ajuster les prochains exercices.<\/p><p><strong>Il n&rsquo;y a pas de frais, pas d&rsquo;abonnement. Lorsque vous vous sentez pr\u00eat \u00e0 remonter en selle tout seul, il vous suffit de l\u00e2cher votre webcam et d&rsquo;aller profiter de votre cheval !<\/strong><\/p>\t\t\t\t\t\t\t\t<\/div>\n\t\t\t\t<\/div>\n\t\t\t\t\t<\/div>\n\t\t<\/div>\n\t\t\t\t<div class=\"penci-ercol-50 penci-ercol-order-2 penci-sticky-ct    elementor-column elementor-col-50 elementor-top-column elementor-element elementor-element-ba170a8\" data-id=\"ba170a8\" data-element_type=\"column\" data-e-type=\"column\">\n\t\t\t<div class=\"elementor-widget-wrap elementor-element-populated\">\n\t\t\t\t\t\t<div class=\"elementor-element elementor-element-87c9371 elementor-widget elementor-widget-image\" data-id=\"87c9371\" data-element_type=\"widget\" data-e-type=\"widget\" data-widget_type=\"image.default\">\n\t\t\t\t<div class=\"elementor-widget-container\">\n\t\t\t\t\t\t\t\t\t\t\t\t\t\t\t<img fetchpriority=\"high\" decoding=\"async\" width=\"768\" height=\"1024\" src=\"https:\/\/www.ronanhorsemanship.com\/wp-content\/uploads\/2024\/06\/brego-trying-the-buck-brannaman-hobble-768x1024.jpg\" class=\"attachment-large size-large wp-image-2144\" alt=\"\" srcset=\"https:\/\/www.ronanhorsemanship.com\/wp-content\/uploads\/2024\/06\/brego-trying-the-buck-brannaman-hobble-768x1024.jpg 768w, https:\/\/www.ronanhorsemanship.com\/wp-content\/uploads\/2024\/06\/brego-trying-the-buck-brannaman-hobble-225x300.jpg 225w, https:\/\/www.ronanhorsemanship.com\/wp-content\/uploads\/2024\/06\/brego-trying-the-buck-brannaman-hobble-1152x1536.jpg 1152w, https:\/\/www.ronanhorsemanship.com\/wp-content\/uploads\/2024\/06\/brego-trying-the-buck-brannaman-hobble-1170x1560.jpg 1170w, https:\/\/www.ronanhorsemanship.com\/wp-content\/uploads\/2024\/06\/brego-trying-the-buck-brannaman-hobble-585x780.jpg 585w, https:\/\/www.ronanhorsemanship.com\/wp-content\/uploads\/2024\/06\/brego-trying-the-buck-brannaman-hobble.jpg 1200w\" sizes=\"(max-width: 768px) 100vw, 768px\" title=\"\">\t\t\t\t\t\t\t\t\t\t\t\t\t\t\t<\/div>\n\t\t\t\t<\/div>\n\t\t\t\t\t<\/div>\n\t\t<\/div>\n\t\t\t\t\t<\/div>\n\t\t<\/section>\n\t\t<div class=\"elementor-element elementor-element-93a33aa e-flex e-con-boxed e-con e-parent\" data-id=\"93a33aa\" data-element_type=\"container\" data-e-type=\"container\" data-settings=\"{&quot;background_background&quot;:&quot;classic&quot;}\">\n\t\t\t\t\t<div class=\"e-con-inner\">\n\t\t<div class=\"elementor-element elementor-element-454c904 e-con-full e-flex e-con e-child\" data-id=\"454c904\" data-element_type=\"container\" data-e-type=\"container\">\n\t\t\t\t<\/div>\n\t\t<div class=\"elementor-element elementor-element-e061666 e-con-full e-flex e-con e-child\" data-id=\"e061666\" data-element_type=\"container\" data-e-type=\"container\">\n\t\t\t\t<div class=\"elementor-element elementor-element-159eeb0 elementor-align-center elementor-widget elementor-widget-button\" data-id=\"159eeb0\" data-element_type=\"widget\" data-e-type=\"widget\" data-widget_type=\"button.default\">\n\t\t\t\t<div class=\"elementor-widget-container\">\n\t\t\t\t\t\t\t\t\t<div class=\"elementor-button-wrapper\">\n\t\t\t\t\t<a class=\"elementor-button elementor-button-link elementor-size-lg\" href=\"\/fr\/contact\/\">\n\t\t\t\t\t\t<span class=\"elementor-button-content-wrapper\">\n\t\t\t\t\t\t\t\t\t<span class=\"elementor-button-text\">On en discute ensemble ?<\/span>\n\t\t\t\t\t<\/span>\n\t\t\t\t\t<\/a>\n\t\t\t\t<\/div>\n\t\t\t\t\t\t\t\t<\/div>\n\t\t\t\t<\/div>\n\t\t\t\t<\/div>\n\t\t<div class=\"elementor-element elementor-element-541b196 e-con-full e-flex e-con e-child\" data-id=\"541b196\" data-element_type=\"container\" data-e-type=\"container\">\n\t\t\t\t<\/div>\n\t\t\t\t\t<\/div>\n\t\t\t\t<\/div>\n\t\t\t\t<\/div>\n\t\t","protected":false},"excerpt":{"rendered":"<p>Home Coaching en ligne Coaching en ligne priv\u00e9 La solution la plus facile et \u00e9conomique Besoin d&rsquo;aide et \/ ou de conseils ? La plupart des propri\u00e9taires de chevaux et&hellip;<\/p>\n","protected":false},"author":4,"featured_media":2177,"parent":2163,"menu_order":1,"comment_status":"closed","ping_status":"closed","template":"page-fullwidth.php","meta":{"_lmt_disableupdate":"","_lmt_disable":"","footnotes":""},"class_list":["post-2175","page","type-page","status-publish","has-post-thumbnail","hentry"],"_links":{"self":[{"href":"https:\/\/www.ronanhorsemanship.com\/fr\/wp-json\/wp\/v2\/pages\/2175","targetHints":{"allow":["GET"]}}],"collection":[{"href":"https:\/\/www.ronanhorsemanship.com\/fr\/wp-json\/wp\/v2\/pages"}],"about":[{"href":"https:\/\/www.ronanhorsemanship.com\/fr\/wp-json\/wp\/v2\/types\/page"}],"author":[{"embeddable":true,"href":"https:\/\/www.ronanhorsemanship.com\/fr\/wp-json\/wp\/v2\/users\/4"}],"replies":[{"embeddable":true,"href":"https:\/\/www.ronanhorsemanship.com\/fr\/wp-json\/wp\/v2\/comments?post=2175"}],"version-history":[{"count":3,"href":"https:\/\/www.ronanhorsemanship.com\/fr\/wp-json\/wp\/v2\/pages\/2175\/revisions"}],"predecessor-version":[{"id":4540,"href":"https:\/\/www.ronanhorsemanship.com\/fr\/wp-json\/wp\/v2\/pages\/2175\/revisions\/4540"}],"up":[{"embeddable":true,"href":"https:\/\/www.ronanhorsemanship.com\/fr\/wp-json\/wp\/v2\/pages\/2163"}],"wp:featuredmedia":[{"embeddable":true,"href":"https:\/\/www.ronanhorsemanship.com\/fr\/wp-json\/wp\/v2\/media\/2177"}],"wp:attachment":[{"href":"https:\/\/www.ronanhorsemanship.com\/fr\/wp-json\/wp\/v2\/media?parent=2175"}],"curies":[{"name":"wp","href":"https:\/\/api.w.org\/{rel}","templated":true}]}}