{"id":2170,"date":"2024-06-03T14:30:55","date_gmt":"2024-06-03T18:30:55","guid":{"rendered":"https:\/\/www.ronanhorsemanship.com\/?page_id=2170"},"modified":"2026-02-11T10:24:32","modified_gmt":"2026-02-11T15:24:32","slug":"coaching-presentiel","status":"publish","type":"page","link":"https:\/\/www.ronanhorsemanship.com\/fr\/services\/coaching-presentiel\/","title":{"rendered":"Coaching en pr\u00e9sentiel"},"content":{"rendered":"\t\t<div data-elementor-type=\"wp-page\" data-elementor-id=\"2170\" class=\"elementor elementor-2170\">\n\t\t\t\t\t\t<section class=\"penci-section penci-dmcheck penci-elbg-activate penci-elbg-img penci-disSticky penci-structure-10 elementor-section elementor-top-section elementor-element elementor-element-adf0cf2 elementor-section-boxed elementor-section-height-default elementor-section-height-default\" data-id=\"adf0cf2\" data-element_type=\"section\" data-e-type=\"section\" data-settings=\"{&quot;background_background&quot;:&quot;classic&quot;}\">\n\t\t\t\t\t\t\t<div class=\"elementor-background-overlay\"><\/div>\n\t\t\t\t\t\t\t<div class=\"elementor-container elementor-column-gap-extended\">\n\t\t\t\t\t<div class=\"penci-ercol-100 penci-ercol-order-1 penci-sticky-ct    elementor-column elementor-col-100 elementor-top-column elementor-element elementor-element-dc4389d\" data-id=\"dc4389d\" data-element_type=\"column\" data-e-type=\"column\">\n\t\t\t<div class=\"elementor-widget-wrap elementor-element-populated\">\n\t\t\t\t\t\t<div class=\"elementor-element elementor-element-6557adf elementor-widget pcsb-brcrb elementor-widget-penci-single-breadcrumb\" data-id=\"6557adf\" data-element_type=\"widget\" data-e-type=\"widget\" data-widget_type=\"penci-single-breadcrumb.default\">\n\t\t\t\t<div class=\"elementor-widget-container\">\n\t\t\t\t\t            <div class=\"container penci-breadcrumb single-breadcrumb\">\n                    <span><a class=\"crumb\"\n                             href=\"https:\/\/www.ronanhorsemanship.com\/fr\/\">Accueil<\/a><\/span><i class=\"penci-faicon fa fa-angle-right\" ><\/i>\t\t\t\t                <span>Coaching en pr\u00e9sentiel<\/span>\n            <\/div>\n\t\t\t\t\t\t<\/div>\n\t\t\t\t<\/div>\n\t\t\t\t<div class=\"elementor-element elementor-element-68a60c3 elementor-widget elementor-widget-penci-fancy_heading\" data-id=\"68a60c3\" data-element_type=\"widget\" data-e-type=\"widget\" data-widget_type=\"penci-fancy_heading.default\">\n\t\t\t\t<div class=\"elementor-widget-container\">\n\t\t\t\t\t\t\t<div class=\"penci-fancy-heading penci-heading-text-left\">\n\t\t\t<div class=\"penci-fancy-heading-inner\">\n\t\t\t\t<h1 class=\"penci-heading-title\"><span class=\"inner-tit\">Coaching en pr\u00e9sentiel, sur site<\/span><\/h1>\t\t\t<\/div>\n\t\t<\/div>\n\t\t\t\t\t\t<\/div>\n\t\t\t\t<\/div>\n\t\t\t\t\t<\/div>\n\t\t<\/div>\n\t\t\t\t\t<\/div>\n\t\t<\/section>\n\t\t\t\t<section class=\"penci-section penci-disSticky penci-structure-20 elementor-section elementor-top-section elementor-element elementor-element-c82eff0 elementor-section-content-top elementor-section-boxed elementor-section-height-default elementor-section-height-default\" data-id=\"c82eff0\" data-element_type=\"section\" data-e-type=\"section\">\n\t\t\t\t\t\t<div class=\"elementor-container elementor-column-gap-wider\">\n\t\t\t\t\t<div class=\"penci-ercol-50 penci-ercol-order-1 penci-sticky-ct    elementor-column elementor-col-50 elementor-top-column elementor-element elementor-element-85fb55d\" data-id=\"85fb55d\" data-element_type=\"column\" data-e-type=\"column\">\n\t\t\t<div class=\"elementor-widget-wrap elementor-element-populated\">\n\t\t\t\t\t\t<div class=\"elementor-element elementor-element-a23a5c0 elementor-widget elementor-widget-penci-fancy_heading\" data-id=\"a23a5c0\" data-element_type=\"widget\" data-e-type=\"widget\" data-widget_type=\"penci-fancy_heading.default\">\n\t\t\t\t<div class=\"elementor-widget-container\">\n\t\t\t\t\t\t\t<div class=\"penci-fancy-heading penci-heading-text-left\">\n\t\t\t<div class=\"penci-fancy-heading-inner\">\n\t\t\t\t<div class=\"penci-heading-subtitle\">Professionnels ou priv\u00e9s<\/div><h2 class=\"penci-heading-title\"><span class=\"inner-tit\">Chez vous<\/span><\/h2><div class=\"penci-separator penci-separator- penci-separator-left\"><span class=\"penci-sep_holder penci-sep_holder_l\"><span class=\"penci-sep_line\"><\/span><\/span><span class=\"penci-sep_holder penci-sep_holder_r\"><span class=\"penci-sep_line\"><\/span><\/span><\/div>\t\t\t<\/div>\n\t\t<\/div>\n\t\t\t\t\t\t<\/div>\n\t\t\t\t<\/div>\n\t\t\t\t<div class=\"elementor-element elementor-element-eb5334f elementor-widget elementor-widget-text-editor\" data-id=\"eb5334f\" data-element_type=\"widget\" data-e-type=\"widget\" data-widget_type=\"text-editor.default\">\n\t\t\t\t<div class=\"elementor-widget-container\">\n\t\t\t\t\t\t\t\t\t<p>Parfois, pratiquer seul ou \u00e0 l\u2019aide de coaching en ligne ne suffit pas.<\/p><p><strong>Si vous avez besoin d&rsquo;une aide plus physique, je me ferai un plaisir de venir chez vous, ou l\u00e0 o\u00f9 se trouve votre cheval, pour vous aider.<\/strong><\/p><p>Nous pouvons organiser un stage priv\u00e9 sur mesure, sur un ou deux jours, pendant lequel je travaillerai avec votre cheval, vous expliquerai toutes les \u00e9tapes au fur et \u00e0 mesure de nos progr\u00e8s et vous enseignerai les diff\u00e9rentes techniques dont vous aurez besoin pour prendre le relais.<\/p><p>Si vous \u00eates un professionnel, un \u00e9leveur par exemple, et que vous avez besoin d&rsquo;aide pour d\u00e9marrer vos poulains, n&rsquo;h\u00e9sitez pas \u00e0 me contacter.<\/p>\t\t\t\t\t\t\t\t<\/div>\n\t\t\t\t<\/div>\n\t\t\t\t\t<\/div>\n\t\t<\/div>\n\t\t\t\t<div class=\"penci-ercol-50 penci-ercol-order-2 penci-sticky-ct    elementor-column elementor-col-50 elementor-top-column elementor-element elementor-element-ba170a8\" data-id=\"ba170a8\" data-element_type=\"column\" data-e-type=\"column\">\n\t\t\t<div class=\"elementor-widget-wrap elementor-element-populated\">\n\t\t\t\t\t\t<div class=\"elementor-element elementor-element-4be3187 elementor-widget elementor-widget-penci-fancy_heading\" data-id=\"4be3187\" data-element_type=\"widget\" data-e-type=\"widget\" data-widget_type=\"penci-fancy_heading.default\">\n\t\t\t\t<div class=\"elementor-widget-container\">\n\t\t\t\t\t\t\t<div class=\"penci-fancy-heading penci-heading-text-left\">\n\t\t\t<div class=\"penci-fancy-heading-inner\">\n\t\t\t\t<div class=\"penci-heading-subtitle\">D\u00e9bourrer, r\u00e9soudre des probl\u00e8mes, r\u00e9\u00e9duquer<\/div><h2 class=\"penci-heading-title\"><span class=\"inner-tit\">\u00c0 la ferme<\/span><\/h2><div class=\"penci-separator penci-separator- penci-separator-left\"><span class=\"penci-sep_holder penci-sep_holder_l\"><span class=\"penci-sep_line\"><\/span><\/span><span class=\"penci-sep_holder penci-sep_holder_r\"><span class=\"penci-sep_line\"><\/span><\/span><\/div>\t\t\t<\/div>\n\t\t<\/div>\n\t\t\t\t\t\t<\/div>\n\t\t\t\t<\/div>\n\t\t\t\t<div class=\"elementor-element elementor-element-a80ae50 elementor-widget elementor-widget-text-editor\" data-id=\"a80ae50\" data-element_type=\"widget\" data-e-type=\"widget\" data-widget_type=\"text-editor.default\">\n\t\t\t\t<div class=\"elementor-widget-container\">\n\t\t\t\t\t\t\t\t\t<p>Si vous pr\u00e9f\u00e9rez que je travaille votre cheval pendant quelques jours ou semaines, nous pouvons facilement organiser une pension temporaire de votre cheval pour le temps n\u00e9cessaire pour r\u00e9soudre les probl\u00e8mes, ou pour commencer vos poulains, ou encore pour r\u00e9\u00e9duquer un cheval plus \u00e2g\u00e9.<\/p><p><strong>\u00c0 la fin de ce programme, vous recevrez un cours particulier vous permettant d&rsquo;acqu\u00e9rir toutes les connaissances et comp\u00e9tences dont vous aurez besoin pour prendre le relais et profiter de votre nouveau cheval !<\/strong><\/p>\t\t\t\t\t\t\t\t<\/div>\n\t\t\t\t<\/div>\n\t\t\t\t\t<\/div>\n\t\t<\/div>\n\t\t\t\t\t<\/div>\n\t\t<\/section>\n\t\t<div class=\"elementor-element elementor-element-86f3647 e-flex e-con-boxed e-con e-parent\" data-id=\"86f3647\" data-element_type=\"container\" data-e-type=\"container\" data-settings=\"{&quot;background_background&quot;:&quot;classic&quot;}\">\n\t\t\t\t\t<div class=\"e-con-inner\">\n\t\t<div class=\"elementor-element elementor-element-5fb0f4c e-con-full e-flex e-con e-child\" data-id=\"5fb0f4c\" data-element_type=\"container\" data-e-type=\"container\">\n\t\t\t\t<\/div>\n\t\t<div class=\"elementor-element elementor-element-973d8a6 e-con-full e-flex e-con e-child\" data-id=\"973d8a6\" data-element_type=\"container\" data-e-type=\"container\">\n\t\t\t\t<div class=\"elementor-element elementor-element-d45a458 elementor-align-center elementor-widget elementor-widget-button\" data-id=\"d45a458\" data-element_type=\"widget\" data-e-type=\"widget\" data-widget_type=\"button.default\">\n\t\t\t\t<div class=\"elementor-widget-container\">\n\t\t\t\t\t\t\t\t\t<div class=\"elementor-button-wrapper\">\n\t\t\t\t\t<a class=\"elementor-button elementor-button-link elementor-size-lg\" href=\"\/fr\/contact\/\">\n\t\t\t\t\t\t<span class=\"elementor-button-content-wrapper\">\n\t\t\t\t\t\t\t\t\t<span class=\"elementor-button-text\">Organisons \u00e7a ensemble !<\/span>\n\t\t\t\t\t<\/span>\n\t\t\t\t\t<\/a>\n\t\t\t\t<\/div>\n\t\t\t\t\t\t\t\t<\/div>\n\t\t\t\t<\/div>\n\t\t\t\t<\/div>\n\t\t<div class=\"elementor-element elementor-element-9f28636 e-con-full e-flex e-con e-child\" data-id=\"9f28636\" data-element_type=\"container\" data-e-type=\"container\">\n\t\t\t\t<\/div>\n\t\t\t\t\t<\/div>\n\t\t\t\t<\/div>\n\t\t\t\t<\/div>\n\t\t","protected":false},"excerpt":{"rendered":"<p>Home Coaching en pr\u00e9sentiel Coaching en pr\u00e9sentiel, sur site Professionnels ou priv\u00e9s Chez vous Parfois, pratiquer seul ou \u00e0 l\u2019aide de coaching en ligne ne suffit pas. Si vous avez&hellip;<\/p>\n","protected":false},"author":4,"featured_media":2041,"parent":2163,"menu_order":2,"comment_status":"closed","ping_status":"closed","template":"page-fullwidth.php","meta":{"_lmt_disableupdate":"","_lmt_disable":"","footnotes":""},"class_list":["post-2170","page","type-page","status-publish","has-post-thumbnail","hentry"],"_links":{"self":[{"href":"https:\/\/www.ronanhorsemanship.com\/fr\/wp-json\/wp\/v2\/pages\/2170","targetHints":{"allow":["GET"]}}],"collection":[{"href":"https:\/\/www.ronanhorsemanship.com\/fr\/wp-json\/wp\/v2\/pages"}],"about":[{"href":"https:\/\/www.ronanhorsemanship.com\/fr\/wp-json\/wp\/v2\/types\/page"}],"author":[{"embeddable":true,"href":"https:\/\/www.ronanhorsemanship.com\/fr\/wp-json\/wp\/v2\/users\/4"}],"replies":[{"embeddable":true,"href":"https:\/\/www.ronanhorsemanship.com\/fr\/wp-json\/wp\/v2\/comments?post=2170"}],"version-history":[{"count":3,"href":"https:\/\/www.ronanhorsemanship.com\/fr\/wp-json\/wp\/v2\/pages\/2170\/revisions"}],"predecessor-version":[{"id":4543,"href":"https:\/\/www.ronanhorsemanship.com\/fr\/wp-json\/wp\/v2\/pages\/2170\/revisions\/4543"}],"up":[{"embeddable":true,"href":"https:\/\/www.ronanhorsemanship.com\/fr\/wp-json\/wp\/v2\/pages\/2163"}],"wp:featuredmedia":[{"embeddable":true,"href":"https:\/\/www.ronanhorsemanship.com\/fr\/wp-json\/wp\/v2\/media\/2041"}],"wp:attachment":[{"href":"https:\/\/www.ronanhorsemanship.com\/fr\/wp-json\/wp\/v2\/media?parent=2170"}],"curies":[{"name":"wp","href":"https:\/\/api.w.org\/{rel}","templated":true}]}}