{"id":1855,"date":"2024-05-11T16:20:20","date_gmt":"2024-05-11T20:20:20","guid":{"rendered":"https:\/\/www.ronanhorsemanship.com\/?page_id=1855"},"modified":"2025-09-25T18:15:36","modified_gmt":"2025-09-25T22:15:36","slug":"travail-selle","status":"publish","type":"page","link":"https:\/\/www.ronanhorsemanship.com\/fr\/travail-selle\/","title":{"rendered":"Travail en selle"},"content":{"rendered":"\t\t<div data-elementor-type=\"wp-page\" data-elementor-id=\"1855\" class=\"elementor elementor-1855\">\n\t\t\t\t\t\t<section class=\"penci-section penci-dmcheck penci-elbg-activate penci-elbg-img penci-disSticky penci-structure-10 elementor-section elementor-top-section elementor-element elementor-element-adf0cf2 elementor-section-boxed elementor-section-height-default elementor-section-height-default\" data-id=\"adf0cf2\" data-element_type=\"section\" data-e-type=\"section\" data-settings=\"{&quot;background_background&quot;:&quot;classic&quot;}\">\n\t\t\t\t\t\t\t<div class=\"elementor-background-overlay\"><\/div>\n\t\t\t\t\t\t\t<div class=\"elementor-container elementor-column-gap-extended\">\n\t\t\t\t\t<div class=\"penci-ercol-100 penci-ercol-order-1 penci-sticky-ct    elementor-column elementor-col-100 elementor-top-column elementor-element elementor-element-dc4389d\" data-id=\"dc4389d\" data-element_type=\"column\" data-e-type=\"column\">\n\t\t\t<div class=\"elementor-widget-wrap elementor-element-populated\">\n\t\t\t\t\t\t<div class=\"elementor-element elementor-element-6557adf elementor-widget pcsb-brcrb elementor-widget-penci-single-breadcrumb\" data-id=\"6557adf\" data-element_type=\"widget\" data-e-type=\"widget\" data-widget_type=\"penci-single-breadcrumb.default\">\n\t\t\t\t<div class=\"elementor-widget-container\">\n\t\t\t\t\t            <div class=\"container penci-breadcrumb single-breadcrumb\">\n                    <span><a class=\"crumb\"\n                             href=\"https:\/\/www.ronanhorsemanship.com\/fr\/\">Accueil<\/a><\/span><i class=\"penci-faicon fa fa-angle-right\" ><\/i>\t\t\t\t                <span>Travail en selle<\/span>\n            <\/div>\n\t\t\t\t\t\t<\/div>\n\t\t\t\t<\/div>\n\t\t\t\t<div class=\"elementor-element elementor-element-68a60c3 elementor-widget elementor-widget-penci-fancy_heading\" data-id=\"68a60c3\" data-element_type=\"widget\" data-e-type=\"widget\" data-widget_type=\"penci-fancy_heading.default\">\n\t\t\t\t<div class=\"elementor-widget-container\">\n\t\t\t\t\t\t\t<div class=\"penci-fancy-heading penci-heading-text-left\">\n\t\t\t<div class=\"penci-fancy-heading-inner\">\n\t\t\t\t<h1 class=\"penci-heading-title\"><span class=\"inner-tit\">Travail en selle : profiter de chaque moment pass\u00e9 sur votre cheval<\/span><\/h1>\t\t\t<\/div>\n\t\t<\/div>\n\t\t\t\t\t\t<\/div>\n\t\t\t\t<\/div>\n\t\t\t\t\t<\/div>\n\t\t<\/div>\n\t\t\t\t\t<\/div>\n\t\t<\/section>\n\t\t\t\t<section class=\"penci-section penci-disSticky penci-structure-10 elementor-section elementor-top-section elementor-element elementor-element-f847941 elementor-section-content-middle elementor-section-boxed elementor-section-height-default elementor-section-height-default\" data-id=\"f847941\" data-element_type=\"section\" data-e-type=\"section\">\n\t\t\t\t\t\t<div class=\"elementor-container elementor-column-gap-wider\">\n\t\t\t\t\t<div class=\"penci-ercol-100 penci-ercol-order-1 penci-sticky-ct    elementor-column elementor-col-100 elementor-top-column elementor-element elementor-element-905eda4\" data-id=\"905eda4\" data-element_type=\"column\" data-e-type=\"column\">\n\t\t\t<div class=\"elementor-widget-wrap elementor-element-populated\">\n\t\t\t\t\t\t<div class=\"elementor-element elementor-element-701c869 elementor-widget elementor-widget-text-editor\" data-id=\"701c869\" data-element_type=\"widget\" data-e-type=\"widget\" data-widget_type=\"text-editor.default\">\n\t\t\t\t<div class=\"elementor-widget-container\">\n\t\t\t\t\t\t\t\t\t<p><strong>Travailler un cheval sous la selle implique que vous ressentiez votre cheval et que vous lui enseigniez les aides qui vous permettront de prendre plaisir \u00e0 monter en toutes circonstances, sans crainte et de mani\u00e8re confortable tant pour le cheval que pour vous.<br \/><\/strong><\/p>\t\t\t\t\t\t\t\t<\/div>\n\t\t\t\t<\/div>\n\t\t\t\t<div class=\"elementor-element elementor-element-0fa5553 elementor-widget elementor-widget-testimonial\" data-id=\"0fa5553\" data-element_type=\"widget\" data-e-type=\"widget\" data-widget_type=\"testimonial.default\">\n\t\t\t\t<div class=\"elementor-widget-container\">\n\t\t\t\t\t\t\t<div class=\"elementor-testimonial-wrapper\">\n\t\t\t\t\t\t\t<div class=\"elementor-testimonial-content\">\u201cC\u2019est un rythme, une harmonie, vous cherchez \u00e0 ce que votre corps et le sien ne fassent qu\u2019un.\u201d<\/div>\n\t\t\t\n\t\t\t\t\t\t<div class=\"elementor-testimonial-meta elementor-has-image elementor-testimonial-image-position-aside\">\n\t\t\t\t<div class=\"elementor-testimonial-meta-inner\">\n\t\t\t\t\t\t\t\t\t\t\t<div class=\"elementor-testimonial-image\">\n\t\t\t\t\t\t\t<img decoding=\"async\" src=\"https:\/\/www.ronanhorsemanship.com\/wp-content\/uploads\/2024\/05\/Ray-Hunt.jpeg\" title=\"\" alt=\"\" loading=\"lazy\">\t\t\t\t\t\t<\/div>\n\t\t\t\t\t\n\t\t\t\t\t\t\t\t\t\t<div class=\"elementor-testimonial-details\">\n\t\t\t\t\t\t\t\t\t\t\t\t\t\t<div class=\"elementor-testimonial-name\">Ray Hunt<\/div>\n\t\t\t\t\t\t\t\t\t\t\t\t\t\t\t\t\t\t\t\t\t\t<div class=\"elementor-testimonial-job\">Think Harmony With Horses<\/div>\n\t\t\t\t\t\t\t\t\t\t\t\t\t<\/div>\n\t\t\t\t\t\t\t\t\t<\/div>\n\t\t\t<\/div>\n\t\t\t\t\t<\/div>\n\t\t\t\t\t\t<\/div>\n\t\t\t\t<\/div>\n\t\t\t\t\t<\/div>\n\t\t<\/div>\n\t\t\t\t\t<\/div>\n\t\t<\/section>\n\t\t\t\t<section class=\"penci-section penci-dmcheck penci-elbg-activate penci-disSticky penci-structure-20 elementor-section elementor-top-section elementor-element elementor-element-6e4715c elementor-section-content-top elementor-section-boxed elementor-section-height-default elementor-section-height-default\" data-id=\"6e4715c\" data-element_type=\"section\" data-e-type=\"section\" data-settings=\"{&quot;background_background&quot;:&quot;classic&quot;}\">\n\t\t\t\t\t\t<div class=\"elementor-container elementor-column-gap-wider\">\n\t\t\t\t\t<div class=\"penci-ercol-50 penci-ercol-order-1 penci-sticky-ct    elementor-column elementor-col-50 elementor-top-column elementor-element elementor-element-da20da6\" data-id=\"da20da6\" data-element_type=\"column\" data-e-type=\"column\">\n\t\t\t<div class=\"elementor-widget-wrap elementor-element-populated\">\n\t\t\t\t\t\t<div class=\"elementor-element elementor-element-b4b1627 elementor-widget elementor-widget-penci-fancy_heading\" data-id=\"b4b1627\" data-element_type=\"widget\" data-e-type=\"widget\" data-widget_type=\"penci-fancy_heading.default\">\n\t\t\t\t<div class=\"elementor-widget-container\">\n\t\t\t\t\t\t\t<div class=\"penci-fancy-heading penci-heading-text-left\">\n\t\t\t<div class=\"penci-fancy-heading-inner\">\n\t\t\t\t<div class=\"penci-heading-subtitle\">Les bases, puis plus<\/div><h2 class=\"penci-heading-title\"><span class=\"inner-tit\">Deux ensembles d'exercices<\/span><\/h2><div class=\"penci-separator penci-separator- penci-separator-left\"><span class=\"penci-sep_holder penci-sep_holder_l\"><span class=\"penci-sep_line\"><\/span><\/span><span class=\"penci-sep_holder penci-sep_holder_r\"><span class=\"penci-sep_line\"><\/span><\/span><\/div>\t\t\t<\/div>\n\t\t<\/div>\n\t\t\t\t\t\t<\/div>\n\t\t\t\t<\/div>\n\t\t\t\t<div class=\"elementor-element elementor-element-af69a5f elementor-widget elementor-widget-text-editor\" data-id=\"af69a5f\" data-element_type=\"widget\" data-e-type=\"widget\" data-widget_type=\"text-editor.default\">\n\t\t\t\t<div class=\"elementor-widget-container\">\n\t\t\t\t\t\t\t\t\t<p><em><span style=\"text-decoration: underline;\">Astuce :<\/span> Je commence chacune de mes s\u00e9ances par cinq minutes de travail au sol. Les chevaux sont comme nous : ils ont des jours avec et des jours sans, et je suis pr\u00eat \u00e0 parier que vous pr\u00e9f\u00e9rerez savoir s&rsquo;il s&rsquo;agit d&rsquo;un jour sans depuis le sol plut\u00f4t qu&rsquo;en survolant sa t\u00eate apr\u00e8s une bonne ruade !<br \/><\/em><\/p>\t\t\t\t\t\t\t\t<\/div>\n\t\t\t\t<\/div>\n\t\t\t\t<div class=\"elementor-element elementor-element-68d5db6 elementor-widget elementor-widget-text-editor\" data-id=\"68d5db6\" data-element_type=\"widget\" data-e-type=\"widget\" data-widget_type=\"text-editor.default\">\n\t\t\t\t<div class=\"elementor-widget-container\">\n\t\t\t\t\t\t\t\t\t<p><strong>Les exercices \u00e0 suivre sont rang\u00e9s par ordre de difficult\u00e9 pour le cheval (ou plut\u00f4t pour le cavalier).<\/strong><\/p><p>Cependant, souvenez-vous qu\u2019il vous faudra toujours adapter ce programme \u00e0 votre cheval et ses besoins.<\/p><p>Ce premier volet de quatre exercices a pour objectif de mettre en place les bases de l\u2019\u00e9quitation, car vous devez pouvoir contr\u00f4ler la vitesse de votre cheval, \u00eatre capable de le faire aller de l\u2019avant et l\u2019arr\u00eater exactement lorsque vous le souhaitez.<\/p><p>Le second volet est con\u00e7u pour contr\u00f4ler la direction, assurer votre r\u00f4le de capitaine \u00e0 bord et faire en sorte que le cheval soit \u00e0 votre \u00e9coute.<\/p>\t\t\t\t\t\t\t\t<\/div>\n\t\t\t\t<\/div>\n\t\t\t\t\t<\/div>\n\t\t<\/div>\n\t\t\t\t<div class=\"penci-ercol-50 penci-ercol-order-2 penci-sticky-ct  penci-dmcheck penci-elbg-activate  elementor-column elementor-col-50 elementor-top-column elementor-element elementor-element-df21628\" data-id=\"df21628\" data-element_type=\"column\" data-e-type=\"column\" data-settings=\"{&quot;background_background&quot;:&quot;classic&quot;}\">\n\t\t\t<div class=\"elementor-widget-wrap elementor-element-populated\">\n\t\t\t\t\t\t<div class=\"elementor-element elementor-element-1c274fd elementor-widget elementor-widget-image\" data-id=\"1c274fd\" data-element_type=\"widget\" data-e-type=\"widget\" data-widget_type=\"image.default\">\n\t\t\t\t<div class=\"elementor-widget-container\">\n\t\t\t\t\t\t\t\t\t\t\t\t\t\t\t<img fetchpriority=\"high\" decoding=\"async\" width=\"822\" height=\"1024\" src=\"https:\/\/www.ronanhorsemanship.com\/wp-content\/uploads\/2024\/05\/natural_horsemanship-taking_the_soft_feel-822x1024.jpg\" class=\"attachment-large size-large wp-image-727\" alt=\"\" srcset=\"https:\/\/www.ronanhorsemanship.com\/wp-content\/uploads\/2024\/05\/natural_horsemanship-taking_the_soft_feel-822x1024.jpg 822w, https:\/\/www.ronanhorsemanship.com\/wp-content\/uploads\/2024\/05\/natural_horsemanship-taking_the_soft_feel-241x300.jpg 241w, https:\/\/www.ronanhorsemanship.com\/wp-content\/uploads\/2024\/05\/natural_horsemanship-taking_the_soft_feel-768x956.jpg 768w, https:\/\/www.ronanhorsemanship.com\/wp-content\/uploads\/2024\/05\/natural_horsemanship-taking_the_soft_feel-1170x1457.jpg 1170w, https:\/\/www.ronanhorsemanship.com\/wp-content\/uploads\/2024\/05\/natural_horsemanship-taking_the_soft_feel-585x728.jpg 585w, https:\/\/www.ronanhorsemanship.com\/wp-content\/uploads\/2024\/05\/natural_horsemanship-taking_the_soft_feel.jpg 1200w\" sizes=\"(max-width: 822px) 100vw, 822px\" title=\"\">\t\t\t\t\t\t\t\t\t\t\t\t\t\t\t<\/div>\n\t\t\t\t<\/div>\n\t\t\t\t\t<\/div>\n\t\t<\/div>\n\t\t\t\t\t<\/div>\n\t\t<\/section>\n\t\t\t\t<section class=\"penci-section penci-dmcheck penci-elbg-activate penci-disSticky penci-structure-20 elementor-section elementor-top-section elementor-element elementor-element-a8a239d elementor-section-content-top elementor-section-boxed elementor-section-height-default elementor-section-height-default\" data-id=\"a8a239d\" data-element_type=\"section\" data-e-type=\"section\" data-settings=\"{&quot;background_background&quot;:&quot;classic&quot;}\">\n\t\t\t\t\t\t<div class=\"elementor-container elementor-column-gap-wider\">\n\t\t\t\t\t<div class=\"penci-ercol-50 penci-ercol-order-1 penci-sticky-ct    elementor-column elementor-col-50 elementor-top-column elementor-element elementor-element-9278d9d\" data-id=\"9278d9d\" data-element_type=\"column\" data-e-type=\"column\">\n\t\t\t<div class=\"elementor-widget-wrap elementor-element-populated\">\n\t\t\t\t\t\t<div class=\"elementor-element elementor-element-af819ff elementor-widget elementor-widget-penci-fancy_heading\" data-id=\"af819ff\" data-element_type=\"widget\" data-e-type=\"widget\" data-widget_type=\"penci-fancy_heading.default\">\n\t\t\t\t<div class=\"elementor-widget-container\">\n\t\t\t\t\t\t\t<div class=\"penci-fancy-heading penci-heading-text-left\">\n\t\t\t<div class=\"penci-fancy-heading-inner\">\n\t\t\t\t<h3 class=\"penci-heading-title\"><span class=\"inner-tit\">Arr\u00eat \u00e0 l'Assiette<\/span><\/h3><div class=\"penci-heading-content entry-content\"><p>Tout d\u2019abord, le cheval doit fl\u00e9chir sa t\u00eate en souplesse et l\u00e9g\u00e8ret\u00e9. Nous utilisons l\u2019arr\u00eat d\u2019une r\u00eane pour \u00e9duquer le cheval \u00e0 s\u2019arr\u00eater lorsque nous passons de la position une ou deux \u00e0 la position trois.<\/p>\n<\/div>\t\t\t<\/div>\n\t\t<\/div>\n\t\t\t\t\t\t<\/div>\n\t\t\t\t<\/div>\n\t\t\t\t<div class=\"elementor-element elementor-element-5277c60 elementor-widget elementor-widget-penci-button\" data-id=\"5277c60\" data-element_type=\"widget\" data-e-type=\"widget\" data-widget_type=\"penci-button.default\">\n\t\t\t\t<div class=\"elementor-widget-container\">\n\t\t\t\t\t\t\t<div class=\"pcbtn-wrapper pcbtn-align-none\">\n\t\t\t<a class=\"pcbtn pcbtn-icon-left\" \n\t\t\t\t\t\t\t\t\t\t\t\thref=\"https:\/\/www.ronanhorsemanship.com\/fr\/travail-selle-seat-stop\/\">\n\t\t\t\t<span class=\"pcbtn-wrapperin\">\n\t\t\t\t\t<span class=\"pcbtn-content\">\n\t\t\t\t\t\t\t\t\t\t> En savoir plus\t\t\t<\/span>\n\t\t\t\t\t\t\t\t\t<\/span>\n\t\t\t<\/a>\n\t\t<\/div>\n\t\t\t\t\t\t<\/div>\n\t\t\t\t<\/div>\n\t\t\t\t<div class=\"elementor-element elementor-element-89ff11b elementor-widget elementor-widget-penci-fancy_heading\" data-id=\"89ff11b\" data-element_type=\"widget\" data-e-type=\"widget\" data-widget_type=\"penci-fancy_heading.default\">\n\t\t\t\t<div class=\"elementor-widget-container\">\n\t\t\t\t\t\t\t<div class=\"penci-fancy-heading penci-heading-text-left\">\n\t\t\t<div class=\"penci-fancy-heading-inner\">\n\t\t\t\t<h3 class=\"penci-heading-title\"><span class=\"inner-tit\">Contact en Douceur<\/span><\/h3><div class=\"penci-heading-content entry-content\"><p>D\u00e8s que vous vous sentez en s\u00e9curit\u00e9 avec votre cheval, le contact en douceur est une \u00e9tape cl\u00e9 dans la formation et l\u2019entra\u00eenement de votre cheval. De plus, cela va vous faire faire des \u00e9conomies : plus besoin de gadgets !<\/p>\n<\/div>\t\t\t<\/div>\n\t\t<\/div>\n\t\t\t\t\t\t<\/div>\n\t\t\t\t<\/div>\n\t\t\t\t<div class=\"elementor-element elementor-element-349af7b elementor-widget elementor-widget-penci-button\" data-id=\"349af7b\" data-element_type=\"widget\" data-e-type=\"widget\" data-widget_type=\"penci-button.default\">\n\t\t\t\t<div class=\"elementor-widget-container\">\n\t\t\t\t\t\t\t<div class=\"pcbtn-wrapper pcbtn-align-none\">\n\t\t\t<a class=\"pcbtn pcbtn-icon-left\" \n\t\t\t\t\t\t\t\t\t\t\t\thref=\"https:\/\/www.ronanhorsemanship.com\/fr\/travail-selle-soft-feel\/\">\n\t\t\t\t<span class=\"pcbtn-wrapperin\">\n\t\t\t\t\t<span class=\"pcbtn-content\">\n\t\t\t\t\t\t\t\t\t\t> En savoir plus\t\t\t<\/span>\n\t\t\t\t\t\t\t\t\t<\/span>\n\t\t\t<\/a>\n\t\t<\/div>\n\t\t\t\t\t\t<\/div>\n\t\t\t\t<\/div>\n\t\t\t\t<div class=\"elementor-element elementor-element-41e7a7c elementor-widget elementor-widget-penci-fancy_heading\" data-id=\"41e7a7c\" data-element_type=\"widget\" data-e-type=\"widget\" data-widget_type=\"penci-fancy_heading.default\">\n\t\t\t\t<div class=\"elementor-widget-container\">\n\t\t\t\t\t\t\t<div class=\"penci-fancy-heading penci-heading-text-left\">\n\t\t\t<div class=\"penci-fancy-heading-inner\">\n\t\t\t\t<h3 class=\"penci-heading-title\"><span class=\"inner-tit\">Croiser les Post\u00e9rieurs<\/span><\/h3><div class=\"penci-heading-content entry-content\"><p>Vous allez employer trois m\u00e9thodes pour amener votre cheval \u00e0 croiser ses post\u00e9rieurs en c\u00e9dant \u00e0 votre jambe, \u00e0 votre main, puis \u00e0 un feeling : flexion de la t\u00eate et aide de la jambe, soft feel et aide de la jambe, enfin la jambe seule.<\/p>\n<\/div>\t\t\t<\/div>\n\t\t<\/div>\n\t\t\t\t\t\t<\/div>\n\t\t\t\t<\/div>\n\t\t\t\t<div class=\"elementor-element elementor-element-a70b82a elementor-widget elementor-widget-penci-button\" data-id=\"a70b82a\" data-element_type=\"widget\" data-e-type=\"widget\" data-widget_type=\"penci-button.default\">\n\t\t\t\t<div class=\"elementor-widget-container\">\n\t\t\t\t\t\t\t<div class=\"pcbtn-wrapper pcbtn-align-none\">\n\t\t\t<a class=\"pcbtn pcbtn-icon-left\" \n\t\t\t\t\t\t\t\t\t\t\t\thref=\"https:\/\/www.ronanhorsemanship.com\/fr\/croiser-les-posterieurs\/\">\n\t\t\t\t<span class=\"pcbtn-wrapperin\">\n\t\t\t\t\t<span class=\"pcbtn-content\">\n\t\t\t\t\t\t\t\t\t\t> En savoir plus\t\t\t<\/span>\n\t\t\t\t\t\t\t\t\t<\/span>\n\t\t\t<\/a>\n\t\t<\/div>\n\t\t\t\t\t\t<\/div>\n\t\t\t\t<\/div>\n\t\t\t\t\t<\/div>\n\t\t<\/div>\n\t\t\t\t<div class=\"penci-ercol-50 penci-ercol-order-2 penci-sticky-ct    elementor-column elementor-col-50 elementor-top-column elementor-element elementor-element-030dbb6\" data-id=\"030dbb6\" data-element_type=\"column\" data-e-type=\"column\">\n\t\t\t<div class=\"elementor-widget-wrap elementor-element-populated\">\n\t\t\t\t\t\t<div class=\"elementor-element elementor-element-4b3d829 elementor-widget elementor-widget-penci-fancy_heading\" data-id=\"4b3d829\" data-element_type=\"widget\" data-e-type=\"widget\" data-widget_type=\"penci-fancy_heading.default\">\n\t\t\t\t<div class=\"elementor-widget-container\">\n\t\t\t\t\t\t\t<div class=\"penci-fancy-heading penci-heading-text-left\">\n\t\t\t<div class=\"penci-fancy-heading-inner\">\n\t\t\t\t<h3 class=\"penci-heading-title\"><span class=\"inner-tit\">Pas, Trot & Galop<\/span><\/h3><div class=\"penci-heading-content entry-content\"><p>Cet exercice est con\u00e7u pour \u00e9duquer le cheval \u00e0 r\u00e9pondre \u00e0 des aides l\u00e9g\u00e8res aux trois allures. Nous recherchons alors de douces transitions, des allures r\u00e9guli\u00e8res et des mouvements pr\u00e9cis.<\/p>\n<\/div>\t\t\t<\/div>\n\t\t<\/div>\n\t\t\t\t\t\t<\/div>\n\t\t\t\t<\/div>\n\t\t\t\t<div class=\"elementor-element elementor-element-f3b2da5 elementor-widget elementor-widget-penci-button\" data-id=\"f3b2da5\" data-element_type=\"widget\" data-e-type=\"widget\" data-widget_type=\"penci-button.default\">\n\t\t\t\t<div class=\"elementor-widget-container\">\n\t\t\t\t\t\t\t<div class=\"pcbtn-wrapper pcbtn-align-none\">\n\t\t\t<a class=\"pcbtn pcbtn-icon-left\" \n\t\t\t\t\t\t\t\t\t\t\t\thref=\"https:\/\/www.ronanhorsemanship.com\/fr\/allures-pas-trot-galop\/\">\n\t\t\t\t<span class=\"pcbtn-wrapperin\">\n\t\t\t\t\t<span class=\"pcbtn-content\">\n\t\t\t\t\t\t\t\t\t\t> En savoir plus\t\t\t<\/span>\n\t\t\t\t\t\t\t\t\t<\/span>\n\t\t\t<\/a>\n\t\t<\/div>\n\t\t\t\t\t\t<\/div>\n\t\t\t\t<\/div>\n\t\t\t\t<div class=\"elementor-element elementor-element-e387c70 elementor-widget elementor-widget-penci-fancy_heading\" data-id=\"e387c70\" data-element_type=\"widget\" data-e-type=\"widget\" data-widget_type=\"penci-fancy_heading.default\">\n\t\t\t\t<div class=\"elementor-widget-container\">\n\t\t\t\t\t\t\t<div class=\"penci-fancy-heading penci-heading-text-left\">\n\t\t\t<div class=\"penci-fancy-heading-inner\">\n\t\t\t\t<h3 class=\"penci-heading-title\"><span class=\"inner-tit\">Serpentins<\/span><\/h3><div class=\"penci-heading-content entry-content\"><p>Le but de ces serpentins est de r\u00e9partir le poids de votre cheval sur chacun de ses membres. D\u2018abord le serpentin court pour trouver le rythme, puis le serpentin long pour trouver l\u2019harmonie.<\/p>\n<\/div>\t\t\t<\/div>\n\t\t<\/div>\n\t\t\t\t\t\t<\/div>\n\t\t\t\t<\/div>\n\t\t\t\t<div class=\"elementor-element elementor-element-3ec4de7 elementor-widget elementor-widget-penci-button\" data-id=\"3ec4de7\" data-element_type=\"widget\" data-e-type=\"widget\" data-widget_type=\"penci-button.default\">\n\t\t\t\t<div class=\"elementor-widget-container\">\n\t\t\t\t\t\t\t<div class=\"pcbtn-wrapper pcbtn-align-none\">\n\t\t\t<a class=\"pcbtn pcbtn-icon-left\" \n\t\t\t\t\t\t\t\t\t\t\t\thref=\"https:\/\/www.ronanhorsemanship.com\/fr\/selle-serpentins\/\">\n\t\t\t\t<span class=\"pcbtn-wrapperin\">\n\t\t\t\t\t<span class=\"pcbtn-content\">\n\t\t\t\t\t\t\t\t\t\t> En savoir plus\t\t\t<\/span>\n\t\t\t\t\t\t\t\t\t<\/span>\n\t\t\t<\/a>\n\t\t<\/div>\n\t\t\t\t\t\t<\/div>\n\t\t\t\t<\/div>\n\t\t\t\t<div class=\"elementor-element elementor-element-59eb817 elementor-widget elementor-widget-penci-fancy_heading\" data-id=\"59eb817\" data-element_type=\"widget\" data-e-type=\"widget\" data-widget_type=\"penci-fancy_heading.default\">\n\t\t\t\t<div class=\"elementor-widget-container\">\n\t\t\t\t\t\t\t<div class=\"penci-fancy-heading penci-heading-text-left\">\n\t\t\t<div class=\"penci-fancy-heading-inner\">\n\t\t\t\t<h3 class=\"penci-heading-title\"><span class=\"inner-tit\">Croiser les ant\u00e9rieurs<\/span><\/h3><div class=\"penci-heading-content entry-content\"><p>L\u2019objectif est de croiser d\u2019abord les post\u00e9rieurs, puis de basculer les ant\u00e9rieurs. Finalement, vos jambes suffiront pour pousser l\u2019avant-main en pivotant sur les post\u00e9rieurs.<\/p>\n<\/div>\t\t\t<\/div>\n\t\t<\/div>\n\t\t\t\t\t\t<\/div>\n\t\t\t\t<\/div>\n\t\t\t\t<div class=\"elementor-element elementor-element-520a039 elementor-widget elementor-widget-penci-button\" data-id=\"520a039\" data-element_type=\"widget\" data-e-type=\"widget\" data-widget_type=\"penci-button.default\">\n\t\t\t\t<div class=\"elementor-widget-container\">\n\t\t\t\t\t\t\t<div class=\"pcbtn-wrapper pcbtn-align-none\">\n\t\t\t<a class=\"pcbtn pcbtn-icon-left\" \n\t\t\t\t\t\t\t\t\t\t\t\thref=\"https:\/\/www.ronanhorsemanship.com\/fr\/croiser-anterieurs\/\">\n\t\t\t\t<span class=\"pcbtn-wrapperin\">\n\t\t\t\t\t<span class=\"pcbtn-content\">\n\t\t\t\t\t\t\t\t\t\t> En savoir plus\t\t\t<\/span>\n\t\t\t\t\t\t\t\t\t<\/span>\n\t\t\t<\/a>\n\t\t<\/div>\n\t\t\t\t\t\t<\/div>\n\t\t\t\t<\/div>\n\t\t\t\t\t<\/div>\n\t\t<\/div>\n\t\t\t\t\t<\/div>\n\t\t<\/section>\n\t\t\t\t<section class=\"penci-section penci-dmcheck penci-elbg-activate penci-disSticky penci-structure-10 elementor-section elementor-top-section elementor-element elementor-element-e255a97 elementor-section-content-top elementor-section-boxed elementor-section-height-default elementor-section-height-default\" data-id=\"e255a97\" data-element_type=\"section\" data-e-type=\"section\" data-settings=\"{&quot;background_background&quot;:&quot;classic&quot;}\">\n\t\t\t\t\t\t<div class=\"elementor-container elementor-column-gap-wider\">\n\t\t\t\t\t<div class=\"penci-ercol-100 penci-ercol-order-1 penci-sticky-ct    elementor-column elementor-col-100 elementor-top-column elementor-element elementor-element-a9ef8b7\" data-id=\"a9ef8b7\" data-element_type=\"column\" data-e-type=\"column\">\n\t\t\t<div class=\"elementor-widget-wrap elementor-element-populated\">\n\t\t\t\t\t\t<div class=\"elementor-element elementor-element-e0c36f6 elementor-widget elementor-widget-text-editor\" data-id=\"e0c36f6\" data-element_type=\"widget\" data-e-type=\"widget\" data-widget_type=\"text-editor.default\">\n\t\t\t\t<div class=\"elementor-widget-container\">\n\t\t\t\t\t\t\t\t\t<p><strong>Une fois arriv\u00e9s \u00e0 ce niveau du programme, certains d\u2019entre vous souhaiteront peut-\u00eatre en rester l\u00e0 et simplement maintenir ce bon niveau d\u2019\u00e9quitation.<\/strong><\/p><p>L\u2019\u00e9quitation demande un gros investissement en temps et une telle d\u00e9cision est donc tout \u00e0 fait compr\u00e9hensible.<\/p><p>Pour ceux qui veulent creuser un peu plus, c\u2019est aussi chose possible.<\/p><p>Il y a de nombreux autres exercices qui vous aideront \u00e0 mieux vous synchroniser avec votre cheval.<\/p><p><em><span style=\"text-decoration: underline;\">Astuce :<\/span> J&rsquo;habitue les chevaux \u00e0 de nouveaux environnements par paliers. Commencez \u00e0 travailler dans un environnement s\u00e9curis\u00e9 (le man\u00e8ge est id\u00e9al au d\u00e9but). Plus tard, vous pouvez travailler en carri\u00e8re ou rond-de-longe. Apr\u00e8s cela quelques centaines de m\u00e8tres autour de la p\u00e2ture&#8230; et enfin les horizons infinis !<\/em><\/p>\t\t\t\t\t\t\t\t<\/div>\n\t\t\t\t<\/div>\n\t\t\t\t\t<\/div>\n\t\t<\/div>\n\t\t\t\t\t<\/div>\n\t\t<\/section>\n\t\t\t\t<\/div>\n\t\t","protected":false},"excerpt":{"rendered":"<p>Home Travail en selle Travail en selle : profiter de chaque moment pass\u00e9 sur votre cheval Travailler un cheval sous la selle implique que vous ressentiez votre cheval et que&hellip;<\/p>\n","protected":false},"author":4,"featured_media":456,"parent":0,"menu_order":0,"comment_status":"closed","ping_status":"closed","template":"page-fullwidth.php","meta":{"_lmt_disableupdate":"","_lmt_disable":"","footnotes":""},"class_list":["post-1855","page","type-page","status-publish","has-post-thumbnail","hentry"],"_links":{"self":[{"href":"https:\/\/www.ronanhorsemanship.com\/fr\/wp-json\/wp\/v2\/pages\/1855","targetHints":{"allow":["GET"]}}],"collection":[{"href":"https:\/\/www.ronanhorsemanship.com\/fr\/wp-json\/wp\/v2\/pages"}],"about":[{"href":"https:\/\/www.ronanhorsemanship.com\/fr\/wp-json\/wp\/v2\/types\/page"}],"author":[{"embeddable":true,"href":"https:\/\/www.ronanhorsemanship.com\/fr\/wp-json\/wp\/v2\/users\/4"}],"replies":[{"embeddable":true,"href":"https:\/\/www.ronanhorsemanship.com\/fr\/wp-json\/wp\/v2\/comments?post=1855"}],"version-history":[{"count":3,"href":"https:\/\/www.ronanhorsemanship.com\/fr\/wp-json\/wp\/v2\/pages\/1855\/revisions"}],"predecessor-version":[{"id":4492,"href":"https:\/\/www.ronanhorsemanship.com\/fr\/wp-json\/wp\/v2\/pages\/1855\/revisions\/4492"}],"wp:featuredmedia":[{"embeddable":true,"href":"https:\/\/www.ronanhorsemanship.com\/fr\/wp-json\/wp\/v2\/media\/456"}],"wp:attachment":[{"href":"https:\/\/www.ronanhorsemanship.com\/fr\/wp-json\/wp\/v2\/media?parent=1855"}],"curies":[{"name":"wp","href":"https:\/\/api.w.org\/{rel}","templated":true}]}}