{"id":1752,"date":"2019-12-05T01:55:31","date_gmt":"2019-12-05T00:55:31","guid":{"rendered":"https:\/\/www.ronanhorsemanship.com\/?page_id=1752"},"modified":"2024-06-15T11:59:55","modified_gmt":"2024-06-15T09:59:55","slug":"definition","status":"publish","type":"page","link":"https:\/\/www.ronanhorsemanship.com\/fr\/definition\/","title":{"rendered":"D\u00e9finition"},"content":{"rendered":"\t\t<div data-elementor-type=\"wp-page\" data-elementor-id=\"1752\" class=\"elementor elementor-1752\">\n\t\t\t\t\t\t<section class=\"penci-section penci-dmcheck penci-elbg-activate penci-elbg-img penci-disSticky penci-structure-10 elementor-section elementor-top-section elementor-element elementor-element-f5fd8bf elementor-section-boxed elementor-section-height-default elementor-section-height-default\" data-id=\"f5fd8bf\" data-element_type=\"section\" data-e-type=\"section\" data-settings=\"{&quot;background_background&quot;:&quot;classic&quot;}\">\n\t\t\t\t\t\t\t<div class=\"elementor-background-overlay\"><\/div>\n\t\t\t\t\t\t\t<div class=\"elementor-container elementor-column-gap-extended\">\n\t\t\t\t\t<div class=\"penci-ercol-100 penci-ercol-order-1 penci-sticky-ct    elementor-column elementor-col-100 elementor-top-column elementor-element elementor-element-b76c0cd\" data-id=\"b76c0cd\" data-element_type=\"column\" data-e-type=\"column\">\n\t\t\t<div class=\"elementor-widget-wrap elementor-element-populated\">\n\t\t\t\t\t\t<div class=\"elementor-element elementor-element-c643283 elementor-widget pcsb-brcrb elementor-widget-penci-single-breadcrumb\" data-id=\"c643283\" data-element_type=\"widget\" data-e-type=\"widget\" data-widget_type=\"penci-single-breadcrumb.default\">\n\t\t\t\t<div class=\"elementor-widget-container\">\n\t\t\t\t\t            <div class=\"container penci-breadcrumb single-breadcrumb\">\n                    <span><a class=\"crumb\"\n                             href=\"https:\/\/www.ronanhorsemanship.com\/fr\/\">Accueil<\/a><\/span><i class=\"penci-faicon fa fa-angle-right\" ><\/i>\t\t\t\t                <span>D\u00e9finition<\/span>\n            <\/div>\n\t\t\t\t\t\t<\/div>\n\t\t\t\t<\/div>\n\t\t\t\t<div class=\"elementor-element elementor-element-a63eda6 elementor-widget elementor-widget-penci-fancy_heading\" data-id=\"a63eda6\" data-element_type=\"widget\" data-e-type=\"widget\" data-widget_type=\"penci-fancy_heading.default\">\n\t\t\t\t<div class=\"elementor-widget-container\">\n\t\t\t\t\t\t\t<div class=\"penci-fancy-heading penci-heading-text-left\">\n\t\t\t<div class=\"penci-fancy-heading-inner\">\n\t\t\t\t<h1 class=\"penci-heading-title\"><span class=\"inner-tit\">\u00c9quitation Naturelle : une approche diff\u00e9rente des chevaux<\/span><\/h1>\t\t\t<\/div>\n\t\t<\/div>\n\t\t\t\t\t\t<\/div>\n\t\t\t\t<\/div>\n\t\t\t\t\t<\/div>\n\t\t<\/div>\n\t\t\t\t\t<\/div>\n\t\t<\/section>\n\t\t\t\t<section class=\"penci-section penci-disSticky penci-structure-20 elementor-section elementor-top-section elementor-element elementor-element-f847941 elementor-section-content-middle elementor-section-boxed elementor-section-height-default elementor-section-height-default\" data-id=\"f847941\" data-element_type=\"section\" data-e-type=\"section\">\n\t\t\t\t\t\t<div class=\"elementor-container elementor-column-gap-wider\">\n\t\t\t\t\t<div class=\"penci-ercol-50 penci-ercol-order-1 penci-sticky-ct    elementor-column elementor-col-50 elementor-top-column elementor-element elementor-element-e7142b4\" data-id=\"e7142b4\" data-element_type=\"column\" data-e-type=\"column\">\n\t\t\t<div class=\"elementor-widget-wrap elementor-element-populated\">\n\t\t\t\t\t\t<div class=\"elementor-element elementor-element-43902a0 elementor-widget elementor-widget-image\" data-id=\"43902a0\" data-element_type=\"widget\" data-e-type=\"widget\" data-widget_type=\"image.default\">\n\t\t\t\t<div class=\"elementor-widget-container\">\n\t\t\t\t\t\t\t\t\t\t\t\t\t\t\t<img decoding=\"async\" src=\"https:\/\/www.ronanhorsemanship.com\/wp-content\/uploads\/2024\/05\/natural_horsemanship_rewarding_horses_try.jpg\" title=\"\" alt=\"\" loading=\"lazy\">\t\t\t\t\t\t\t\t\t\t\t\t\t\t\t<\/div>\n\t\t\t\t<\/div>\n\t\t\t\t\t<\/div>\n\t\t<\/div>\n\t\t\t\t<div class=\"penci-ercol-50 penci-ercol-order-2 penci-sticky-ct    elementor-column elementor-col-50 elementor-top-column elementor-element elementor-element-905eda4\" data-id=\"905eda4\" data-element_type=\"column\" data-e-type=\"column\">\n\t\t\t<div class=\"elementor-widget-wrap elementor-element-populated\">\n\t\t\t\t\t\t<div class=\"elementor-element elementor-element-8f769ad elementor-widget elementor-widget-penci-fancy_heading\" data-id=\"8f769ad\" data-element_type=\"widget\" data-e-type=\"widget\" data-widget_type=\"penci-fancy_heading.default\">\n\t\t\t\t<div class=\"elementor-widget-container\">\n\t\t\t\t\t\t\t<div class=\"penci-fancy-heading penci-heading-text-left\">\n\t\t\t<div class=\"penci-fancy-heading-inner\">\n\t\t\t\t<div class=\"penci-heading-subtitle\">Un concept critiqu\u00e9<\/div><h2 class=\"penci-heading-title\"><span class=\"inner-tit\">Ma d\u00e9finition<\/span><\/h2><div class=\"penci-separator penci-separator- penci-separator-left\"><span class=\"penci-sep_holder penci-sep_holder_l\"><span class=\"penci-sep_line\"><\/span><\/span><span class=\"penci-sep_holder penci-sep_holder_r\"><span class=\"penci-sep_line\"><\/span><\/span><\/div>\t\t\t<\/div>\n\t\t<\/div>\n\t\t\t\t\t\t<\/div>\n\t\t\t\t<\/div>\n\t\t\t\t<div class=\"elementor-element elementor-element-701c869 elementor-widget elementor-widget-text-editor\" data-id=\"701c869\" data-element_type=\"widget\" data-e-type=\"widget\" data-widget_type=\"text-editor.default\">\n\t\t\t\t<div class=\"elementor-widget-container\">\n\t\t\t\t\t\t\t\t\t<p>L\u2018\u00c9quitation Naturelle, encore appel\u00e9e \u00c9thologique, est un concept tr\u00e8s critiqu\u00e9. Son nom lui-m\u00eame est parfois sujet \u00e0 controverse.<\/p><p>N\u2019ayant gu\u00e8re l\u2019envie de perdre du temps en d\u00e9bats st\u00e9riles, je souhaite juste faire une observation au sujet de l\u2019assemblage de ces deux mots :<\/p><ul><li><em>\u00c9quitation : \u201cl&rsquo;art de monter \u00e0 cheval\u201d.<\/em><\/li><li><em>Naturelle : \u201cqui est issue de la nature, qui n\u2019est pas le fait du travail de l\u2019homme\u201d.<\/em><\/li><\/ul><p>En combinant ces deux mots, nous sommes confront\u00e9s \u00e0 un probl\u00e8me s\u00e9mantique.<\/p><p>D&rsquo;abord, cette d\u00e9finition du mot \u00ab\u00a0\u00e9quitation\u00a0\u00bb implique que le temps pass\u00e9 au sol avec un cheval, au p\u00e2turage ou dans les \u00e9curies, etc. n&rsquo;aurait aucune influence sur son comportement ou sur nos relations avec l&rsquo;animal.<\/p><p>Deuxi\u00e8me point, l&rsquo;acception du mot \u00ab\u00a0naturel\u00a0\u00bb consid\u00e8re implicitement que l&rsquo;homme est en dehors de la nature.<\/p><p>Je suis en total d\u00e9saccord avec les deux d\u00e9finitions et, par cons\u00e9quent, je vous soumets une d\u00e9finition plus personnelle :<\/p><p><strong>\u00ab\u00a0L&rsquo;\u00e9quitation naturelle est un langage corporel d\u00e9velopp\u00e9 par l&rsquo;homme pour communiquer avec tous les chevaux sans jamais leur infliger de douleur, qu&rsquo;elle soit physique ou psychologique.\u00a0\u00bb<\/strong><\/p>\t\t\t\t\t\t\t\t<\/div>\n\t\t\t\t<\/div>\n\t\t\t\t\t<\/div>\n\t\t<\/div>\n\t\t\t\t\t<\/div>\n\t\t<\/section>\n\t\t\t\t<section class=\"penci-section penci-dmcheck penci-elbg-activate penci-disSticky penci-structure-10 elementor-section elementor-top-section elementor-element elementor-element-1a76cfd elementor-section-content-middle elementor-section-boxed elementor-section-height-default elementor-section-height-default\" data-id=\"1a76cfd\" data-element_type=\"section\" data-e-type=\"section\" data-settings=\"{&quot;background_background&quot;:&quot;classic&quot;}\">\n\t\t\t\t\t\t<div class=\"elementor-container elementor-column-gap-wider\">\n\t\t\t\t\t<div class=\"penci-ercol-100 penci-ercol-order-1 penci-sticky-ct    elementor-column elementor-col-100 elementor-top-column elementor-element elementor-element-4215532\" data-id=\"4215532\" data-element_type=\"column\" data-e-type=\"column\">\n\t\t\t<div class=\"elementor-widget-wrap elementor-element-populated\">\n\t\t\t\t\t\t<div class=\"elementor-element elementor-element-c6be25a elementor-widget elementor-widget-penci-fancy_heading\" data-id=\"c6be25a\" data-element_type=\"widget\" data-e-type=\"widget\" data-widget_type=\"penci-fancy_heading.default\">\n\t\t\t\t<div class=\"elementor-widget-container\">\n\t\t\t\t\t\t\t<div class=\"penci-fancy-heading penci-heading-text-left\">\n\t\t\t<div class=\"penci-fancy-heading-inner\">\n\t\t\t\t<div class=\"penci-heading-subtitle\">Grand mot - concept simple<\/div><h2 class=\"penci-heading-title\"><span class=\"inner-tit\">Il s'agit finalement davantage d'une \u00e9quitation \"h\u00e9doniste\"<\/span><\/h2><div class=\"penci-separator penci-separator- penci-separator-left\"><span class=\"penci-sep_holder penci-sep_holder_l\"><span class=\"penci-sep_line\"><\/span><\/span><span class=\"penci-sep_holder penci-sep_holder_r\"><span class=\"penci-sep_line\"><\/span><\/span><\/div>\t\t\t<\/div>\n\t\t<\/div>\n\t\t\t\t\t\t<\/div>\n\t\t\t\t<\/div>\n\t\t\t\t<div class=\"elementor-element elementor-element-f659b22 elementor-widget elementor-widget-text-editor\" data-id=\"f659b22\" data-element_type=\"widget\" data-e-type=\"widget\" data-widget_type=\"text-editor.default\">\n\t\t\t\t<div class=\"elementor-widget-container\">\n\t\t\t\t\t\t\t\t\t<p>Je profite d\u2019aborder le sujet de la d\u00e9finition de l&rsquo;\u00c9quitation Naturelle pour ajouter une touche de philosophie qui, \u00e0 mes yeux, est essentielle : il s&rsquo;agit d&rsquo;une \u00e9quitation h\u00e9doniste.<\/p><p>Parfois consid\u00e9r\u00e9 comme un gros mot, c\u2019est un concept assez simple une fois d\u00e9barrass\u00e9 de ses clich\u00e9s.<\/p><p><strong>Le philosophe Michel Onfray propose une bonne d\u00e9finition de l\u2019h\u00e9donisme : \u00ab Une aptitude \u00e0 vivre en jouissant de l\u2019existence, en se faisant plaisir tout en cherchant \u00e0 faire plaisir au maximum de monde autour de soi, sans jamais causer de d\u00e9plaisir. \u00bb<\/strong><\/p><p>C&rsquo;est, \u00e0 mon avis, une bonne approche de la vie et des gens en g\u00e9n\u00e9ral.<\/p><p>Buck Brannaman, ainsi que ses mentors Ray Hunt et Tom Dorrance avant lui, est en ce sens un cavalier h\u00e9doniste, car nous il montre \u00e0 chaque instant comment interagir avec les chevaux sans jamais leur faire de mal, physiquement ou psychologiquement.<\/p><p>Il va plus loin en nous proposant de faire profiter le cheval du moment. Et c&rsquo;est exactement ce que je tente de faire \u00e0 chaque instant pass\u00e9 en leur compagnie.<\/p><p><strong>En quelques mots: ne laissez jamais votre cheval conna\u00eetre la caresse du fouet, seulement celle de vos doigts !<\/strong><\/p><p>Ceci est la partie la plus compliqu\u00e9e de tout le programme que je vous propose !<\/p><p>Car cela exige une remise en question de vos convictions, de votre mode de vie, de votre relation aux animaux et \u00e0 autrui, de vos priorit\u00e9s, etc.<\/p>\t\t\t\t\t\t\t\t<\/div>\n\t\t\t\t<\/div>\n\t\t\t\t\t<\/div>\n\t\t<\/div>\n\t\t\t\t\t<\/div>\n\t\t<\/section>\n\t\t\t\t<section class=\"penci-section penci-dmcheck penci-elbg-activate penci-elbg-img penci-disSticky penci-structure-20 elementor-section elementor-top-section elementor-element elementor-element-881febc elementor-section-boxed elementor-section-height-default elementor-section-height-default\" data-id=\"881febc\" data-element_type=\"section\" data-e-type=\"section\" data-settings=\"{&quot;background_background&quot;:&quot;classic&quot;}\">\n\t\t\t\t\t\t\t<div class=\"elementor-background-overlay\"><\/div>\n\t\t\t\t\t\t\t<div class=\"elementor-container elementor-column-gap-wider\">\n\t\t\t\t\t<div class=\"penci-ercol-50 penci-ercol-order-1 penci-sticky-ct    elementor-column elementor-col-50 elementor-top-column elementor-element elementor-element-9439991\" data-id=\"9439991\" data-element_type=\"column\" data-e-type=\"column\">\n\t\t\t<div class=\"elementor-widget-wrap\">\n\t\t\t\t\t\t\t<\/div>\n\t\t<\/div>\n\t\t\t\t<div class=\"penci-ercol-50 penci-ercol-order-2 penci-sticky-ct    elementor-column elementor-col-50 elementor-top-column elementor-element elementor-element-4751245\" data-id=\"4751245\" data-element_type=\"column\" data-e-type=\"column\">\n\t\t\t<div class=\"elementor-widget-wrap elementor-element-populated\">\n\t\t\t\t\t\t<div class=\"elementor-element elementor-element-e155c98 elementor-widget elementor-widget-penci-fancy_heading\" data-id=\"e155c98\" data-element_type=\"widget\" data-e-type=\"widget\" data-widget_type=\"penci-fancy_heading.default\">\n\t\t\t\t<div class=\"elementor-widget-container\">\n\t\t\t\t\t\t\t<div class=\"penci-fancy-heading penci-heading-text-left\">\n\t\t\t<div class=\"penci-fancy-heading-inner\">\n\t\t\t\t<div class=\"penci-heading-subtitle\">Une m\u00e9thode \u00e9tape par \u00e9tape<\/div><h2 class=\"penci-heading-title\"><span class=\"inner-tit\">Pr\u00eat \u00e0 d\u00e9buter l'\u00e9quitation naturelle ?<\/span><\/h2><div class=\"penci-separator penci-separator- penci-separator-left\"><span class=\"penci-sep_holder penci-sep_holder_l\"><span class=\"penci-sep_line\"><\/span><\/span><span class=\"penci-sep_holder penci-sep_holder_r\"><span class=\"penci-sep_line\"><\/span><\/span><\/div>\t\t\t<\/div>\n\t\t<\/div>\n\t\t\t\t\t\t<\/div>\n\t\t\t\t<\/div>\n\t\t\t\t<div class=\"elementor-element elementor-element-e222eb1 elementor-widget elementor-widget-text-editor\" data-id=\"e222eb1\" data-element_type=\"widget\" data-e-type=\"widget\" data-widget_type=\"text-editor.default\">\n\t\t\t\t<div class=\"elementor-widget-container\">\n\t\t\t\t\t\t\t\t\t<p>Je vous propose une m\u00e9thode compl\u00e8te pour d\u00e9buter en \u00e9quitation naturelle et \u00e9thologique, avec des guides bien document\u00e9s et illustr\u00e9s, ainsi que des vid\u00e9os pour chaque type d&rsquo;exercice :<\/p><ul><li><a href=\"\/fr\/principes-equitation\/\">Principes cl\u00e9s<\/a><\/li><li><a href=\"\/fr\/equipement\/\">\u00c9quipement<\/a><\/li><li><a href=\"\/fr\/travail-sol\/\">Travail au sol<\/a><\/li><li><a href=\"\/fr\/travail-selle\/\">Travail en selle<\/a><\/li><\/ul>\t\t\t\t\t\t\t\t<\/div>\n\t\t\t\t<\/div>\n\t\t\t\t\t<\/div>\n\t\t<\/div>\n\t\t\t\t\t<\/div>\n\t\t<\/section>\n\t\t\t\t<\/div>\n\t\t","protected":false},"excerpt":{"rendered":"<p>Home D\u00e9finition \u00c9quitation Naturelle : une approche diff\u00e9rente des chevaux Un concept critiqu\u00e9 Ma d\u00e9finition L\u2018\u00c9quitation Naturelle, encore appel\u00e9e \u00c9thologique, est un concept tr\u00e8s critiqu\u00e9. Son nom lui-m\u00eame est parfois&hellip;<\/p>\n","protected":false},"author":4,"featured_media":1754,"parent":0,"menu_order":0,"comment_status":"closed","ping_status":"closed","template":"page-fullwidth.php","meta":{"_lmt_disableupdate":"","_lmt_disable":"","footnotes":""},"class_list":["post-1752","page","type-page","status-publish","has-post-thumbnail","hentry"],"_links":{"self":[{"href":"https:\/\/www.ronanhorsemanship.com\/fr\/wp-json\/wp\/v2\/pages\/1752","targetHints":{"allow":["GET"]}}],"collection":[{"href":"https:\/\/www.ronanhorsemanship.com\/fr\/wp-json\/wp\/v2\/pages"}],"about":[{"href":"https:\/\/www.ronanhorsemanship.com\/fr\/wp-json\/wp\/v2\/types\/page"}],"author":[{"embeddable":true,"href":"https:\/\/www.ronanhorsemanship.com\/fr\/wp-json\/wp\/v2\/users\/4"}],"replies":[{"embeddable":true,"href":"https:\/\/www.ronanhorsemanship.com\/fr\/wp-json\/wp\/v2\/comments?post=1752"}],"version-history":[{"count":0,"href":"https:\/\/www.ronanhorsemanship.com\/fr\/wp-json\/wp\/v2\/pages\/1752\/revisions"}],"wp:featuredmedia":[{"embeddable":true,"href":"https:\/\/www.ronanhorsemanship.com\/fr\/wp-json\/wp\/v2\/media\/1754"}],"wp:attachment":[{"href":"https:\/\/www.ronanhorsemanship.com\/fr\/wp-json\/wp\/v2\/media?parent=1752"}],"curies":[{"name":"wp","href":"https:\/\/api.w.org\/{rel}","templated":true}]}}